{"id":11747,"date":"2025-12-22T12:51:43","date_gmt":"2025-12-22T11:51:43","guid":{"rendered":"https:\/\/kolarstwoprzygodowe.pl\/?post_type=product&#038;p=11747"},"modified":"2026-01-28T02:22:24","modified_gmt":"2026-01-28T01:22:24","slug":"amber-road-bikerafting-race-2026","status":"publish","type":"product","link":"https:\/\/kolarstwoprzygodowe.pl\/en\/product\/amber-road-bikerafting-race-2026\/","title":{"rendered":"Voucher na prezent &#8211; Amber Road bikerafting race 2026"},"content":{"rendered":"<div dir=\"auto\">\n<p style=\"text-align: center;\"><strong>Podaruj start w wy\u015bcigu! <\/strong><\/p>\n<p>Jak to dzia\u0142a:<\/p>\n<ol>\n<li>Dodaj voucher na wybrany wy\u015bcig do koszyka<\/li>\n<li>Dokonaj p\u0142atno\u015bci<\/li>\n<li>Pobierz voucher w formacie .pdf<\/li>\n<li><strong>Podaruj Voucher!<\/strong><\/li>\n<\/ol>\n<p>Po otrzymaniu Vouchera<\/p>\n<ol>\n<li style=\"list-style-type: none;\">\n<ol>\n<li><span class=\"OYPEnA text-decoration-none text-strikethrough-none\">Wejd\u017a na kolarstwoprzygodowe.pl<\/span><\/li>\n<li><span class=\"OYPEnA text-decoration-none text-strikethrough-none\">Utw\u00f3rz konto<\/span><\/li>\n<li><span class=\"OYPEnA text-decoration-none text-strikethrough-none\">Dodaj wybrany wy\u015bcig do koszyka<\/span><\/li>\n<li><span class=\"OYPEnA text-decoration-none text-strikethrough-none\">W polu \u201ckod kuponu\u201d podaj kod znajduj\u0105cy si\u0119 na dole vouchera<\/span><\/li>\n<li><span class=\"OYPEnA text-decoration-none text-strikethrough-none\">Gotowe!<\/span><\/li>\n<\/ol>\n<\/li>\n<\/ol>\n<p>Po zakupie otrzymasz plik .pdf do pobrania z instrukcj\u0105 jak zrealizowa\u0107 voucher.<\/p>\n<p>&nbsp;<\/p>\n<\/div>\n<h4>Ludzie podr\u00f3\u017cowali wzd\u0142u\u017c rzek od wiek\u00f3w. A jak podr\u00f3\u017cowali przed dwoma tysi\u0105cami lat? Jak zdobywali z\u0142oto p\u00f3\u0142nocy, legendarne elektrum? Rzeki te\u017c by\u0142y wa\u017cne, ale najwa\u017cniejsza by\u0142a Droga. Pojedziemy i pop\u0142yniemy \u015bladami Rzymian, Celt\u00f3w i Got\u00f3w. Pokonamy alpejskie prze\u0142\u0119cze i wielkie europejskie rzeki: Dunaj, We\u0142tawa, Nysa, Prosna i Wis\u0142a, a pomi\u0119dzy nimi tysi\u0105clecia historii i obcowania z pot\u0119g\u0105 natury. Odwag\u0119 i determinacj\u0119 antycznych podr\u00f3\u017cnik\u00f3w zast\u0105pi samowystarczalno\u015b\u0107 i zupe\u0142nie unikalne po\u0142\u0105czenie: rower i packraft. Czy podejmiesz antyczne wyzwanie? MMXXV AMBER ROAD bikerafting race.<\/h4>\n<p>&nbsp;<\/p>\n<h6><strong>\u00a0<\/strong><\/h6>\n<p>&nbsp;<\/p>\n<p>&nbsp;<\/p>\n<ol>\n<li>In order to register you must <strong><a href=\"https:\/\/kolarstwoprzygodowe.pl\/en\/registration\/\">sign in<\/a> <\/strong>or <strong><a href=\"https:\/\/kolarstwoprzygodowe.pl\/en\/moje-konto\/\">log in<\/a><\/strong> and pay for your participation in the rally<\/li>\n<li>When paying, the date and time of entering the amount on our account or the date and time of payment by online transfer (Przelewy24) are counted.<\/li>\n<li><strong>Foreign payment <\/strong>W celu dokonania p\u0142atno\u015bci z zagranicy nale\u017cy przela\u0107 kwot\u0119 wpisowego na rachunek: Leszek Pachulski ul. W\u0142adys\u0142awa IV 15\/2, 81-703 Sopot SWIFT \u2013 WBKPPLPP IBAN \u2013 PL95 1090 1102 0000 0001 3544 0948 Prosimy o przes\u0142anie potwierdzenia p\u0142atno\u015bci na <strong>mumin@wisla1200.pl<\/strong><\/li>\n<li><strong>It is not possible to transfer your spot to another person.<\/strong><\/li>\n<li><strong>In case of resignation<\/strong> from participation in the rally, the entry fee will be returned to the sender's bank account or to the bank account assigned to the payment card according to the following scheme:<\/li>\n<\/ol>\n<table cellspacing=\"0\" cellpadding=\"0\">\n<tbody>\n<tr>\n<td valign=\"bottom\">RESIGNATION:<\/td>\n<td valign=\"bottom\">RETURN OF THE AMOUNT PAID:<\/td>\n<\/tr>\n<tr>\n<td valign=\"bottom\">No later than 5 months before the start<\/td>\n<td valign=\"bottom\">100%<\/td>\n<\/tr>\n<tr>\n<td valign=\"bottom\">No later than 3 months before the start<\/td>\n<td valign=\"bottom\">80%<\/td>\n<\/tr>\n<tr>\n<td valign=\"bottom\">No later than 1 months before the start<\/td>\n<td valign=\"bottom\">50%<\/td>\n<\/tr>\n<tr>\n<td valign=\"bottom\">Less than 1 month before the start<\/td>\n<td valign=\"bottom\">0%<\/td>\n<\/tr>\n<\/tbody>\n<\/table>\n<p>In order to resign from start, please send an e-mail to the following address\u00a0<a href=\"mailto:mumin@wisla1200.pl\">mumin@wisla1200.pl<\/a>\u00a0from the e-mail address\u00a0<b>provided during registration<\/b>.<\/p>\n<p>If you have chosen the \"Free Rivers\" option, the amount of PLN 30 transferred in accordance with your choice constitutes your donation to the Podkarpackiego Towarzystwa Przyrodnik\u00f3w Wolne Rzeki and is non-refundable in the event of withdrawal from the event.<\/p>\n<p><a href=\"https:\/\/kolarstwoprzygodowe.pl\/wp-content\/uploads\/2022\/10\/regulamin-sklepu-pokop.pdf\">shop rules<\/a><\/p>","protected":false},"excerpt":{"rendered":"<p style=\"text-align: left;\"><img loading=\"lazy\" class=\"alignnone wp-image-260\" src=\"https:\/\/kolarstwoprzygodowe.pl\/wp-content\/uploads\/2020\/07\/64113-150x150.png\" alt=\"\" width=\"50\" height=\"50\" srcset=\"https:\/\/kolarstwoprzygodowe.pl\/wp-content\/uploads\/2020\/07\/64113-150x150.png 150w, https:\/\/kolarstwoprzygodowe.pl\/wp-content\/uploads\/2020\/07\/64113-300x300.png 300w, https:\/\/kolarstwoprzygodowe.pl\/wp-content\/uploads\/2020\/07\/64113-100x100.png 100w\" sizes=\"(max-width: 50px) 100vw, 50px\" \/> Start:<strong> Aquileia, Italy \u00a0 <img loading=\"lazy\" class=\"alignnone wp-image-391\" src=\"https:\/\/kolarstwoprzygodowe.pl\/wp-content\/uploads\/2020\/07\/4-150x150.png\" alt=\"\" width=\"50\" height=\"50\" srcset=\"https:\/\/kolarstwoprzygodowe.pl\/wp-content\/uploads\/2020\/07\/4-150x150.png 150w, https:\/\/kolarstwoprzygodowe.pl\/wp-content\/uploads\/2020\/07\/4-100x100.png 100w, https:\/\/kolarstwoprzygodowe.pl\/wp-content\/uploads\/2020\/07\/4.png 225w\" sizes=\"(max-width: 50px) 100vw, 50px\" \/> \u00a0<\/strong>Finish: <strong>Gdansk, Poland<\/strong><\/p>\n<p style=\"text-align: left;\"><span style=\"font-size: 16px;\"><img loading=\"lazy\" class=\"alignnone wp-image-388\" src=\"https:\/\/kolarstwoprzygodowe.pl\/wp-content\/uploads\/2020\/07\/1-150x150.png\" alt=\"\" width=\"53\" height=\"53\" srcset=\"https:\/\/kolarstwoprzygodowe.pl\/wp-content\/uploads\/2020\/07\/1-150x150.png 150w, https:\/\/kolarstwoprzygodowe.pl\/wp-content\/uploads\/2020\/07\/1-100x100.png 100w, https:\/\/kolarstwoprzygodowe.pl\/wp-content\/uploads\/2020\/07\/1.png 225w\" sizes=\"(max-width: 53px) 100vw, 53px\" \/>Date: <strong>19.07.<\/strong><b>2026<\/b><\/span><\/p>\n<p><img loading=\"lazy\" class=\"alignnone wp-image-390\" src=\"https:\/\/kolarstwoprzygodowe.pl\/wp-content\/uploads\/2020\/07\/3-150x150.png\" alt=\"\" width=\"56\" height=\"56\" srcset=\"https:\/\/kolarstwoprzygodowe.pl\/wp-content\/uploads\/2020\/07\/3-150x150.png 150w, https:\/\/kolarstwoprzygodowe.pl\/wp-content\/uploads\/2020\/07\/3-100x100.png 100w, https:\/\/kolarstwoprzygodowe.pl\/wp-content\/uploads\/2020\/07\/3.png 225w\" sizes=\"(max-width: 56px) 100vw, 56px\" \/>Distance:<strong> <b>14<\/b>00 km<br \/>\n<i class=\"fas fa-water\" aria-hidden=\"true\"><\/i>: ~280 km<\/strong><\/p>","protected":false},"featured_media":8646,"template":"","meta":{"_monsterinsights_skip_tracking":false,"_monsterinsights_sitenote_active":false,"_monsterinsights_sitenote_note":"","_monsterinsights_sitenote_category":0},"product_cat":[72],"product_tag":[],"_links":{"self":[{"href":"https:\/\/kolarstwoprzygodowe.pl\/en\/wp-json\/wp\/v2\/product\/11747"}],"collection":[{"href":"https:\/\/kolarstwoprzygodowe.pl\/en\/wp-json\/wp\/v2\/product"}],"about":[{"href":"https:\/\/kolarstwoprzygodowe.pl\/en\/wp-json\/wp\/v2\/types\/product"}],"wp:featuredmedia":[{"embeddable":true,"href":"https:\/\/kolarstwoprzygodowe.pl\/en\/wp-json\/wp\/v2\/media\/8646"}],"wp:attachment":[{"href":"https:\/\/kolarstwoprzygodowe.pl\/en\/wp-json\/wp\/v2\/media?parent=11747"}],"wp:term":[{"taxonomy":"product_cat","embeddable":true,"href":"https:\/\/kolarstwoprzygodowe.pl\/en\/wp-json\/wp\/v2\/product_cat?post=11747"},{"taxonomy":"product_tag","embeddable":true,"href":"https:\/\/kolarstwoprzygodowe.pl\/en\/wp-json\/wp\/v2\/product_tag?post=11747"}],"curies":[{"name":"wp","href":"https:\/\/api.w.org\/{rel}","templated":true}]}}