{"id":11286,"date":"2025-10-31T09:35:52","date_gmt":"2025-10-31T08:35:52","guid":{"rendered":"https:\/\/kolarstwoprzygodowe.pl\/?post_type=product&#038;p=11286"},"modified":"2026-04-29T22:25:46","modified_gmt":"2026-04-29T20:25:46","slug":"pakiet-startowy-ultra-niespodzianka-2026","status":"publish","type":"product","link":"https:\/\/kolarstwoprzygodowe.pl\/en\/product\/pakiet-startowy-ultra-niespodzianka-2026\/","title":{"rendered":"Pakiet startowy Ultra Niespodzianka 2026"},"content":{"rendered":"<p style=\"text-align: center;\"><b>Important Message!<\/b><\/p>\n<p>Adventure Cycling is about the bike and nature, to which we owe everything. We want to pay her back at least a little and give something back.<\/p>\n<p>To produce one T-shirt, you need to use 2,000 liters of water. Together with you, we want to keep this water in nature and actively support selected projects. Just select \"Free Rivers\" when registering, and the amount we would spend on the production of T-shirts will be allocated to river restoration. Not only will we not waste a huge amount of water, but we will actively help keep it in nature - that's where it is most needed.<\/p>\n<p><b>Our conscious choices matter and are important for nature.<\/b><\/p>\n<h5><strong>INFORMACJA O PAKIETACH:\u00a0<\/strong><\/h5>\n<ul>\n<li>\n<h5>WOLNE RZEKI &#8211; pakiet bez koszulki<\/h5>\n<\/li>\n<li>\n<h5>WOLNE RZEKI PLUS &#8211; pakiet z koszulk\u0105 i wsparciem WOLNE RZEKI<\/h5>\n<\/li>\n<li>\n<h5>ZWYK\u0141Y PAKIET &#8211; pakiet z koszulk\u0105<\/h5>\n<\/li>\n<\/ul>\n<p>Ludzie podr\u00f3\u017cowali od wiek\u00f3w\u2026. i przewa\u017cnie wiedzieli, dok\u0105d i kt\u00f3r\u0119dy zmierzaj\u0105 do celu. Prawdziwa przygoda to jednak co\u015b wi\u0119cej ni\u017c jazda od stacji do stacji, od noclegu do noclegu czy od sklepu do sklepu. Proponujemy nowy format bikepackingowego wy\u015bcigu, w kt\u00f3rym poznacie tylko miejsce startu i mety, a szczeg\u00f3\u0142owy przebieg trasy i odpowiedniego gpx`a dostarczymy Wam z komunikatem startowym. Tym razem zapraszamy Was na przygodow\u0105 przepraw\u0119 przez ca\u0142y kraj, przez pola, wzg\u00f3rza i lasy w niepowtarzalnym stylu Polskiego Kolarstwa Przygodowego. Dystans 1000+. Ka\u017cdy rower mile widziany, nawet grawelowy \u263a Na trasie znajdziecie wszystko co mo\u017cecie i czego nie mo\u017cecie sobie wyobrazi\u0107. Ju\u017c Ojciec Dyrektor ze swoimi lud\u017ami zadba o w\u0142a\u015bciwe proporcje trasy. Zadbamy te\u017c o to, \u017ceby\u015bcie odwiedzili dziesi\u0105tki nowych, pi\u0119knych miejsc, do kt\u00f3rych nie wiod\u0105 g\u0142\u00f3wne drogi i szlaki, a s\u0105 nie mniej ciekawe ni\u017c turystyczne ikony.<span class=\"Apple-converted-space\">\u00a0<\/span><\/p>\n<p>Je\u015bli rower i przygoda to Twoje \u017cycie i jeste\u015b do\u015b\u0107 szalony by zaufa\u0107 PoKoPowi, to wystarczy kilka klikni\u0119\u0107 i jeste\u015b z nami na trasie Niespodzianki.<span class=\"Apple-converted-space\">\u00a0<\/span><\/p>\n<p>Zapraszamy<\/p>\n<p><b>Students and people under 26 years of age -30% with the code: STUDENT\u00a0<\/b><\/p>\n<p>&nbsp;<\/p>\n<ol>\n<li>In order to register you must\u00a0<a href=\"https:\/\/kolarstwoprzygodowe.pl\/en\/registration\/\"><b>sign in<\/b><\/a><b> <\/b>and\/or\u00a0<a href=\"https:\/\/kolarstwoprzygodowe.pl\/en\/moje-konto\/\"><b>log in<\/b><\/a>\u00a0and pay for participation in the race in the amount specified in the event description.<\/li>\n<li>When paying, the date and time of entering the amount on our account or the date and time of payment by online transfer (Przelewy24) are counted.<\/li>\n<li>W przypadku wyboru opcji \u201eWolne Rzeki\u201d cz\u0119\u015b\u0107 wp\u0142aty w kwocie 30 z\u0142. zostanie zwr\u00f3cona uczestnikowi poprzez wp\u0142at\u0119 tej kwoty przez jako darowizna Uczestnika na rachunek bankowy wybranego projektu z zakresu ochrony przyrody a op\u0142ata startowa nale\u017cna organizatorowi zostaje zmniejszona o warto\u015b\u0107 dokonanej darowizny. Wyb\u00f3r opcji \u201eWolne Rzeki\u201d nie wymaga od uczestnika \u017cadnych dodatkowych czynno\u015bci ani dodatkowych wp\u0142at.<\/li>\n<li><b>Foreign payment\u00a0<\/b>W celu dokonania p\u0142atno\u015bci z zagranicy nale\u017cy przela\u0107 kwot\u0119 wpisowego na rachunek Leszek Pachulski<br \/>\nul. W\u0142adys\u0142awa IV 15\/2, 81-703 Sopot SWIFT \u2013 WBKPPLPP<br \/>\nIBAN \u2013 PL 95 1090 1102 0000 0001 3544 0948<br \/>\nIn case of payment by this method, please send the payment confirmation to\u00a0<b>mumin@wisla1200.pl<\/b><\/li>\n<li><b>It is not possible to transfer your spot to another person.<\/b><\/li>\n<li><b>In case of resignation<\/b>\u00a0from participation in the rally, the entry fee will be returned to the sender's bank account or to the bank account assigned to the payment card according to the following scheme:<\/li>\n<\/ol>\n<p>&nbsp;<\/p>\n<table cellspacing=\"0\" cellpadding=\"0\">\n<tbody>\n<tr>\n<td valign=\"bottom\">RESIGNATION:<\/td>\n<td valign=\"bottom\">RETURN OF THE AMOUNT PAID:<\/td>\n<\/tr>\n<tr>\n<td valign=\"bottom\">No later than 5 months before the start<\/td>\n<td valign=\"bottom\">100%<\/td>\n<\/tr>\n<tr>\n<td valign=\"bottom\">No later than 3 months before the start<\/td>\n<td valign=\"bottom\">80%<\/td>\n<\/tr>\n<tr>\n<td valign=\"bottom\">No later than 1 months before the start<\/td>\n<td valign=\"bottom\">50%<\/td>\n<\/tr>\n<tr>\n<td valign=\"bottom\">Less than 1 month before the start<\/td>\n<td valign=\"bottom\">0%<\/td>\n<\/tr>\n<\/tbody>\n<\/table>\n<p>&nbsp;<\/p>\n<p>In order to resign from start, please send an e-mail to the following address\u00a0<a href=\"mailto:mumin@wisla1200.pl\">mumin@wisla1200.pl<\/a>\u00a0from the e-mail address\u00a0<b>provided during registration<\/b>.<span class=\"Apple-converted-space\">\u00a0<\/span><\/p>\n<p>W przypadku, gdy dokona\u0142e\u015b wyboru opcji \u201eWolne Rzeki\u201d lub \u201eWolne Rzeki Plus\u201d kwota 50 z\u0142. przekazana zgodnie z Twoim wyborem stanowi Twoj\u0105 darowizn\u0119 na rzecz Podkarpackiego Towarzystwa Przyrodnik\u00f3w Wolne Rzeki i nie podlega zwrotowi w przypadku rezygnacji z udzia\u0142u w imprezie.<span class=\"Apple-converted-space\">\u00a0<\/span><\/p>\n<p>*Osoby zapisane na mniej ni\u017c miesi\u0105c przed startem mog\u0105 nie otrzyma\u0107 pe\u0142nych \u015bwiadcze\u0144 ze wzgl\u0119du na czas potrzebny do wyprodukowania ich.<\/p>\n<p><a href=\"https:\/\/kolarstwoprzygodowe.pl\/wp-content\/uploads\/2022\/10\/regulamin-sklepu-pokop.pdf\">shop rules<\/a><\/p>","protected":false},"excerpt":{"rendered":"<p style=\"text-align: left;\"><img loading=\"lazy\" class=\"alignnone wp-image-260\" src=\"https:\/\/kolarstwoprzygodowe.pl\/wp-content\/uploads\/2020\/07\/64113-150x150.png\" alt=\"\" width=\"50\" height=\"50\" srcset=\"https:\/\/kolarstwoprzygodowe.pl\/wp-content\/uploads\/2020\/07\/64113-150x150.png 150w, https:\/\/kolarstwoprzygodowe.pl\/wp-content\/uploads\/2020\/07\/64113-300x300.png 300w, https:\/\/kolarstwoprzygodowe.pl\/wp-content\/uploads\/2020\/07\/64113-100x100.png 100w\" sizes=\"(max-width: 50px) 100vw, 50px\" \/> Start:<strong>\u00a0 \u00a0 Przemy\u015bl\u00a0 \u00a0 \u00a0 \u00a0 <img loading=\"lazy\" class=\"alignnone wp-image-391\" src=\"https:\/\/kolarstwoprzygodowe.pl\/wp-content\/uploads\/2020\/07\/4-150x150.png\" alt=\"\" width=\"50\" height=\"50\" srcset=\"https:\/\/kolarstwoprzygodowe.pl\/wp-content\/uploads\/2020\/07\/4-150x150.png 150w, https:\/\/kolarstwoprzygodowe.pl\/wp-content\/uploads\/2020\/07\/4-100x100.png 100w, https:\/\/kolarstwoprzygodowe.pl\/wp-content\/uploads\/2020\/07\/4.png 225w\" sizes=\"(max-width: 50px) 100vw, 50px\" \/> \u00a0<\/strong>Finish: <strong>Szczecin<\/strong><\/p>\n<p style=\"text-align: left;\"><span style=\"font-size: 16px;\"><img loading=\"lazy\" class=\"alignnone wp-image-388\" src=\"https:\/\/kolarstwoprzygodowe.pl\/wp-content\/uploads\/2020\/07\/1-150x150.png\" alt=\"\" width=\"53\" height=\"53\" srcset=\"https:\/\/kolarstwoprzygodowe.pl\/wp-content\/uploads\/2020\/07\/1-150x150.png 150w, https:\/\/kolarstwoprzygodowe.pl\/wp-content\/uploads\/2020\/07\/1-100x100.png 100w, https:\/\/kolarstwoprzygodowe.pl\/wp-content\/uploads\/2020\/07\/1.png 225w\" sizes=\"(max-width: 53px) 100vw, 53px\" \/>Date: <strong>15.08.2026<\/strong><\/span><\/p>\n<p style=\"text-align: left;\"><img loading=\"lazy\" class=\"alignnone wp-image-256\" src=\"https:\/\/kolarstwoprzygodowe.pl\/wp-content\/uploads\/2020\/07\/pobrane-150x150.png\" alt=\"\" width=\"45\" height=\"45\" srcset=\"https:\/\/kolarstwoprzygodowe.pl\/wp-content\/uploads\/2020\/07\/pobrane-150x150.png 150w, https:\/\/kolarstwoprzygodowe.pl\/wp-content\/uploads\/2020\/07\/pobrane-100x100.png 100w, https:\/\/kolarstwoprzygodowe.pl\/wp-content\/uploads\/2020\/07\/pobrane.png 225w\" sizes=\"(max-width: 45px) 100vw, 45px\" \/>\u00a0 Time limit: <strong>180 h<\/strong><\/p>\n<p><img loading=\"lazy\" class=\"alignnone wp-image-390\" src=\"https:\/\/kolarstwoprzygodowe.pl\/wp-content\/uploads\/2020\/07\/3-150x150.png\" alt=\"\" width=\"56\" height=\"56\" srcset=\"https:\/\/kolarstwoprzygodowe.pl\/wp-content\/uploads\/2020\/07\/3-150x150.png 150w, https:\/\/kolarstwoprzygodowe.pl\/wp-content\/uploads\/2020\/07\/3-100x100.png 100w, https:\/\/kolarstwoprzygodowe.pl\/wp-content\/uploads\/2020\/07\/3.png 225w\" sizes=\"(max-width: 56px) 100vw, 56px\" \/>Distance:<strong> 1000+ km<\/strong><\/p>\n<p><img loading=\"lazy\" class=\"alignnone wp-image-389\" src=\"https:\/\/kolarstwoprzygodowe.pl\/wp-content\/uploads\/2020\/07\/2-150x150.png\" alt=\"\" width=\"52\" height=\"52\" srcset=\"https:\/\/kolarstwoprzygodowe.pl\/wp-content\/uploads\/2020\/07\/2-150x150.png 150w, https:\/\/kolarstwoprzygodowe.pl\/wp-content\/uploads\/2020\/07\/2-100x100.png 100w, https:\/\/kolarstwoprzygodowe.pl\/wp-content\/uploads\/2020\/07\/2.png 225w\" sizes=\"(max-width: 52px) 100vw, 52px\" \/>Elevation gain:<b>\u00a0???<\/b><\/p>","protected":false},"featured_media":6804,"template":"","meta":{"_monsterinsights_skip_tracking":false,"_monsterinsights_sitenote_active":false,"_monsterinsights_sitenote_note":"","_monsterinsights_sitenote_category":0},"product_cat":[18],"product_tag":[],"_links":{"self":[{"href":"https:\/\/kolarstwoprzygodowe.pl\/en\/wp-json\/wp\/v2\/product\/11286"}],"collection":[{"href":"https:\/\/kolarstwoprzygodowe.pl\/en\/wp-json\/wp\/v2\/product"}],"about":[{"href":"https:\/\/kolarstwoprzygodowe.pl\/en\/wp-json\/wp\/v2\/types\/product"}],"wp:featuredmedia":[{"embeddable":true,"href":"https:\/\/kolarstwoprzygodowe.pl\/en\/wp-json\/wp\/v2\/media\/6804"}],"wp:attachment":[{"href":"https:\/\/kolarstwoprzygodowe.pl\/en\/wp-json\/wp\/v2\/media?parent=11286"}],"wp:term":[{"taxonomy":"product_cat","embeddable":true,"href":"https:\/\/kolarstwoprzygodowe.pl\/en\/wp-json\/wp\/v2\/product_cat?post=11286"},{"taxonomy":"product_tag","embeddable":true,"href":"https:\/\/kolarstwoprzygodowe.pl\/en\/wp-json\/wp\/v2\/product_tag?post=11286"}],"curies":[{"name":"wp","href":"https:\/\/api.w.org\/{rel}","templated":true}]}}