{"id":11262,"date":"2025-10-27T12:45:16","date_gmt":"2025-10-27T11:45:16","guid":{"rendered":"https:\/\/kolarstwoprzygodowe.pl\/?post_type=product&#038;p=11262"},"modified":"2026-05-12T07:18:44","modified_gmt":"2026-05-12T05:18:44","slug":"pakiet-startowy-wiselka-500-2026","status":"publish","type":"product","link":"https:\/\/kolarstwoprzygodowe.pl\/en\/product\/pakiet-startowy-wiselka-500-2026\/","title":{"rendered":"Pakiet startowy Wise\u0142ka 500 2026"},"content":{"rendered":"<p style=\"text-align: center;\"><b>Important Message!<\/b><\/p>\n<p>Adventure Cycling is about the bike and nature, to which we owe everything. We want to pay her back at least a little and give something back.<\/p>\n<p>To produce one T-shirt, you need to use 2,000 liters of water. Together with you, we want to keep this water in nature and actively support selected projects. Just select \"Free Rivers\" when registering, and the amount we would spend on the production of T-shirts will be allocated to river restoration. Not only will we not waste a huge amount of water, but we will actively help keep it in nature - that's where it is most needed.<\/p>\n<p><b>Our conscious choices matter and are important for nature.<\/b><\/p>\n<h5><strong>INFORMACJA O PAKIETACH:\u00a0<\/strong><\/h5>\n<ul>\n<li>\n<h5>WOLNE RZEKI &#8211; pakiet bez koszulki<\/h5>\n<\/li>\n<li>\n<h5>WOLNE RZEKI PLUS &#8211; pakiet z koszulk\u0105 i wsparciem WOLNE RZEKI<\/h5>\n<\/li>\n<\/ul>\n<p>&nbsp;<\/p>\n<p class=\"sow-headline\">Do you want to get a taste of the Vistula 1200? But do you feel that 1200 kilometres is too much for you? Would you like to ride the Vistula 1200 for the second time? The third time? The fifth time?! But you have heard so many good things about the Sudety Divide route that you can't pass it up, and you don't have enough holiday time for both? Maybe you simply feel better in shorter forms, like the Vistula composer Fryderyk Ch.? Whatever your motivations, you will certainly be delighted by the Vistula villages and medieval towns and with a smile on your face you will overcome kilometres of embankments, to finally bathe in the sea (Baltic and Piwa).<\/p>\n<p class=\"sow-headline\"><strong>Why these 500 kilometers?\u00a0<\/strong><\/p>\n<p class=\"sow-headline\">The idea for the Wise\u0142ka 500 was born during a winter relay race along the Vistula. While covering the stage from Toru\u0144 to Warsaw in a father-son-director duo, reinforced by a few similar cycling enthusiasts, we exceptionally unanimously decided that the lower course of the Vistula is the most beautiful (because the entire Vistula is the most beautiful). And it would be a pity if admiring it were reserved only for those who have the strength and time for the entire Vistula 1200.<\/p>\n<p>More details: <a href=\"https:\/\/kolarstwoprzygodowe.pl\/en\/wiselka-500\/\">https:\/\/kolarstwoprzygodowe.pl\/wiselka-500\/<\/a><\/p>\n<h6><strong>Students and people under 26 years of age -30% with the code: STUDENT\u00a0<\/strong><\/h6>\n<ol>\n<li>In order to register you must <strong><a href=\"https:\/\/kolarstwoprzygodowe.pl\/en\/registration\/\">sign in<\/a> <\/strong>or <strong><a href=\"https:\/\/kolarstwoprzygodowe.pl\/en\/moje-konto\/\">log in<\/a><\/strong> and pay for your participation in the rally<\/li>\n<li>The organizer reserves the right to increase the limit of spots<\/li>\n<li>The organizer plans to release a second pool of spots<\/li>\n<li>When paying, the date and time of entering the amount on our account or the date and time of payment by online transfer (Przelewy24) are counted.<\/li>\n<li><strong>Foreign payment <\/strong>In order to pay from foreign bank account please transfer the money to:<br \/>\nLeszek Pachulski<br \/>\nul. W\u0142adys\u0142awa IV 15\/2, 81-703 Sopot<br \/>\nSWIFT \u2013 WBKPPLPP<br \/>\nIBAN \u2013 PL95 1090 1102 0000 0001 3544 0948<br \/>\nPlease send your payment confirmation to <strong>mumin@wisla1200.pl<\/strong><\/li>\n<li><strong>It is not possible to transfer your spot to another person.<\/strong><\/li>\n<li><strong>In case of resignation<\/strong> from participation in the rally, the entry fee will be returned to the sender's bank account or to the bank account assigned to the payment card according to the following scheme:<\/li>\n<\/ol>\n<table cellspacing=\"0\" cellpadding=\"0\">\n<tbody>\n<tr>\n<td valign=\"bottom\">RESIGNATION:<\/td>\n<td valign=\"bottom\">RETURN OF THE AMOUNT PAID:<\/td>\n<\/tr>\n<tr>\n<td valign=\"bottom\">No later than 5 months before the start<\/td>\n<td valign=\"bottom\">100%<\/td>\n<\/tr>\n<tr>\n<td valign=\"bottom\">No later than 3 months before the start<\/td>\n<td valign=\"bottom\">80%<\/td>\n<\/tr>\n<tr>\n<td valign=\"bottom\">No later than 1 months before the start<\/td>\n<td valign=\"bottom\">50%<\/td>\n<\/tr>\n<tr>\n<td valign=\"bottom\">Less than 1 month before the start<\/td>\n<td valign=\"bottom\">0%<\/td>\n<\/tr>\n<\/tbody>\n<\/table>\n<p>In order to resign from start, please send an e-mail to the following address\u00a0<a href=\"mailto:mumin@wisla1200.pl\">mumin@wisla1200.pl<\/a>\u00a0from the e-mail address\u00a0<b>provided during registration<\/b>.<\/p>\n<p>W przypadku, gdy dokona\u0142e\u015b wyboru opcji \u201eWolne Rzeki\u201d lub \u201eWolne Rzeki Plus\u201d kwota 50 z\u0142. przekazana zgodnie z Twoim wyborem stanowi Twoj\u0105 darowizn\u0119 na rzecz Fundacji Wolne Rzeki i nie podlega zwrotowi w przypadku rezygnacji z udzia\u0142u w imprezie.<\/p>\n<p><a href=\"https:\/\/kolarstwoprzygodowe.pl\/wp-content\/uploads\/2022\/10\/regulamin-sklepu-pokop.pdf\">shop rules<\/a><\/p>","protected":false},"excerpt":{"rendered":"<p style=\"text-align: left;\"><img loading=\"lazy\" class=\"alignnone wp-image-260\" src=\"https:\/\/kolarstwoprzygodowe.pl\/wp-content\/uploads\/2020\/07\/64113-150x150.png\" alt=\"\" width=\"50\" height=\"50\" srcset=\"https:\/\/kolarstwoprzygodowe.pl\/wp-content\/uploads\/2020\/07\/64113-150x150.png 150w, https:\/\/kolarstwoprzygodowe.pl\/wp-content\/uploads\/2020\/07\/64113-300x300.png 300w, https:\/\/kolarstwoprzygodowe.pl\/wp-content\/uploads\/2020\/07\/64113-100x100.png 100w\" sizes=\"(max-width: 50px) 100vw, 50px\" \/> Start: <strong>Warszawa<\/strong><strong>\u00a0 \u00a0 \u00a0 \u00a0 \u00a0 \u00a0 \u00a0\u00a0<img loading=\"lazy\" class=\"alignnone wp-image-391\" src=\"https:\/\/kolarstwoprzygodowe.pl\/wp-content\/uploads\/2020\/07\/4-150x150.png\" alt=\"\" width=\"50\" height=\"50\" srcset=\"https:\/\/kolarstwoprzygodowe.pl\/wp-content\/uploads\/2020\/07\/4-150x150.png 150w, https:\/\/kolarstwoprzygodowe.pl\/wp-content\/uploads\/2020\/07\/4-100x100.png 100w, https:\/\/kolarstwoprzygodowe.pl\/wp-content\/uploads\/2020\/07\/4.png 225w\" sizes=\"(max-width: 50px) 100vw, 50px\" \/> \u00a0<\/strong>Finish: <strong>Gda\u0144sk<\/strong><\/p>\n<p style=\"text-align: left;\"><span style=\"font-size: 16px;\"><img loading=\"lazy\" class=\"alignnone wp-image-388\" src=\"https:\/\/kolarstwoprzygodowe.pl\/wp-content\/uploads\/2020\/07\/1-150x150.png\" alt=\"\" width=\"53\" height=\"53\" srcset=\"https:\/\/kolarstwoprzygodowe.pl\/wp-content\/uploads\/2020\/07\/1-150x150.png 150w, https:\/\/kolarstwoprzygodowe.pl\/wp-content\/uploads\/2020\/07\/1-100x100.png 100w, https:\/\/kolarstwoprzygodowe.pl\/wp-content\/uploads\/2020\/07\/1.png 225w\" sizes=\"(max-width: 53px) 100vw, 53px\" \/>Date: <strong>05.07.2026<\/strong><\/span><\/p>\n<p style=\"text-align: left;\"><img loading=\"lazy\" class=\"alignnone wp-image-256\" src=\"https:\/\/kolarstwoprzygodowe.pl\/wp-content\/uploads\/2020\/07\/pobrane-150x150.png\" alt=\"\" width=\"45\" height=\"45\" srcset=\"https:\/\/kolarstwoprzygodowe.pl\/wp-content\/uploads\/2020\/07\/pobrane-150x150.png 150w, https:\/\/kolarstwoprzygodowe.pl\/wp-content\/uploads\/2020\/07\/pobrane-100x100.png 100w, https:\/\/kolarstwoprzygodowe.pl\/wp-content\/uploads\/2020\/07\/pobrane.png 225w\" sizes=\"(max-width: 45px) 100vw, 45px\" \/>\u00a0 Time limit:<strong> 70 h<\/strong><\/p>\n<p><img loading=\"lazy\" class=\"alignnone wp-image-390\" src=\"https:\/\/kolarstwoprzygodowe.pl\/wp-content\/uploads\/2020\/07\/3-150x150.png\" alt=\"\" width=\"56\" height=\"56\" srcset=\"https:\/\/kolarstwoprzygodowe.pl\/wp-content\/uploads\/2020\/07\/3-150x150.png 150w, https:\/\/kolarstwoprzygodowe.pl\/wp-content\/uploads\/2020\/07\/3-100x100.png 100w, https:\/\/kolarstwoprzygodowe.pl\/wp-content\/uploads\/2020\/07\/3.png 225w\" sizes=\"(max-width: 56px) 100vw, 56px\" \/>Distance:<strong>\u00a0500 km<\/strong><\/p>","protected":false},"featured_media":8651,"template":"","meta":{"_monsterinsights_skip_tracking":false,"_monsterinsights_sitenote_active":false,"_monsterinsights_sitenote_note":"","_monsterinsights_sitenote_category":0},"product_cat":[18],"product_tag":[],"_links":{"self":[{"href":"https:\/\/kolarstwoprzygodowe.pl\/en\/wp-json\/wp\/v2\/product\/11262"}],"collection":[{"href":"https:\/\/kolarstwoprzygodowe.pl\/en\/wp-json\/wp\/v2\/product"}],"about":[{"href":"https:\/\/kolarstwoprzygodowe.pl\/en\/wp-json\/wp\/v2\/types\/product"}],"wp:featuredmedia":[{"embeddable":true,"href":"https:\/\/kolarstwoprzygodowe.pl\/en\/wp-json\/wp\/v2\/media\/8651"}],"wp:attachment":[{"href":"https:\/\/kolarstwoprzygodowe.pl\/en\/wp-json\/wp\/v2\/media?parent=11262"}],"wp:term":[{"taxonomy":"product_cat","embeddable":true,"href":"https:\/\/kolarstwoprzygodowe.pl\/en\/wp-json\/wp\/v2\/product_cat?post=11262"},{"taxonomy":"product_tag","embeddable":true,"href":"https:\/\/kolarstwoprzygodowe.pl\/en\/wp-json\/wp\/v2\/product_tag?post=11262"}],"curies":[{"name":"wp","href":"https:\/\/api.w.org\/{rel}","templated":true}]}}