{"id":11257,"date":"2025-10-27T12:41:15","date_gmt":"2025-10-27T11:41:15","guid":{"rendered":"https:\/\/kolarstwoprzygodowe.pl\/?post_type=product&#038;p=11257"},"modified":"2026-05-11T12:09:50","modified_gmt":"2026-05-11T10:09:50","slug":"pakiet-startowy-pomorska-500-2026","status":"publish","type":"product","link":"https:\/\/kolarstwoprzygodowe.pl\/en\/product\/pakiet-startowy-pomorska-500-2026\/","title":{"rendered":"Pakiet startowy Pomorska 500 2026"},"content":{"rendered":"<div id=\"pgc-24-2-0\" class=\"panel-grid-cell\">\n<div id=\"panel-24-2-0-0\" class=\"so-panel widget widget_sow-editor panel-first-child panel-last-child\" data-index=\"15\">\n<div class=\"so-widget-sow-editor so-widget-sow-editor-base\">\n<div class=\"siteorigin-widget-tinymce textwidget\"><\/div>\n<\/div>\n<\/div>\n<\/div>\n<div id=\"pgc-24-2-1\" class=\"panel-grid-cell\">\n<div id=\"panel-24-2-1-0\" class=\"so-panel widget widget_sow-editor panel-first-child panel-last-child\" data-index=\"16\">\n<p style=\"text-align: center;\"><b>Important Message!<\/b><\/p>\n<p>Adventure Cycling is about the bike and nature, to which we owe everything. We want to pay her back at least a little and give something back.<\/p>\n<p>To produce one T-shirt, you need to use 2,000 liters of water. Together with you, we want to keep this water in nature and actively support selected projects. Just select \"Free Rivers\" when registering, and the amount we would spend on the production of T-shirts will be allocated to river restoration. Not only will we not waste a huge amount of water, but we will actively help keep it in nature - that's where it is most needed.<\/p>\n<p><b>Our conscious choices matter and are important for nature.<\/b><\/p>\n<h5><strong>INFORMACJA O PAKIETACH:\u00a0<\/strong><\/h5>\n<ul>\n<li>\n<h5>WOLNE RZEKI &#8211; pakiet bez koszulki<\/h5>\n<\/li>\n<li>\n<h5>WOLNE RZEKI PLUS &#8211; pakiet z koszulk\u0105 i wsparciem WOLNE RZEKI<\/h5>\n<\/li>\n<\/ul>\n<p>&nbsp;<\/p>\n<p>People have been traveling along rivers for centuries... You already know that. What if you didn't cross any rivers on your journey? To go against them and in spite of them. Is that possible? Equipped with hydrological maps, we traveled through the desolate and wild areas of Pomerania and Western Pomerania looking for roads, paths and off-roads that mark the Pomeranian Watershed. A new perspective of traveling 500 kilometers without crossing rivers and bridges. This is what the route of POMORSKA 500 looks like<\/p>\n<p>Od Zalewu Szczeci\u0144skiego do Zatoki Gda\u0144skiej bez most\u00f3w, ale blisko przyrody, kt\u00f3ra ci\u0105gle urzeka i zadziwia. Zapraszamy na nasz\u0105 kolejn\u0105 rowerow\u0105 wyryp\u0119. Zaliczymy wszystkie wzg\u00f3rza po drodze, poka\u017cemy Wam \u00a0\u017ar\u00f3d\u0142a wszystkich rzek, uwa\u017caj\u0105c na czo\u0142gi w okolicy drawskiego poligonu i podziwiaj\u0105c panoramy, kt\u00f3rych istnienia nikt sobie nie u\u015bwiadamia\u0142.<\/p>\n<p>More details:\u00a0<a href=\"https:\/\/pomorska500.pl\/en\/\">https:\/\/pomorska500.pl\/en\/<\/a><\/p>\n<p><b>Students and people under 26 years of age -30% with the code: STUDENT\u00a0<\/b><\/p>\n<p>&nbsp;<\/p>\n<ol>\n<li>In order to register you must\u00a0<a href=\"https:\/\/kolarstwoprzygodowe.pl\/en\/registration\/\"><b>sign in<\/b><\/a><b> <\/b>and\/or\u00a0<a href=\"https:\/\/kolarstwoprzygodowe.pl\/en\/moje-konto\/\"><b>log in<\/b><\/a>\u00a0and pay for participation in the race in the amount specified in the event description.<\/li>\n<li>When paying, the date and time of entering the amount on our account or the date and time of payment by online transfer (Przelewy24) are counted.<\/li>\n<li><b>Foreign payment\u00a0<\/b>In order to pay from foreign bank account please transfer the money to:<br \/>\nLeszek Pachulski<br \/>\nul. W\u0142adys\u0142awa IV 15\/2, 81-703 Sopot SWIFT \u2013 WBKPPLPP<br \/>\nIBAN \u2013 PL 95 1090 1102 0000 0001 3544 0948<br \/>\nIn case of payment by this method, please send the payment confirmation to\u00a0<b>mumin@wisla1200.pl<\/b><\/li>\n<li><b>It is not possible to transfer your spot to another person.<\/b><\/li>\n<li><b>In case of resignation<\/b>\u00a0from participation in the rally, the entry fee will be returned to the sender's bank account or to the bank account assigned to the payment card according to the following scheme:<\/li>\n<\/ol>\n<p>&nbsp;<\/p>\n<table cellspacing=\"0\" cellpadding=\"0\">\n<tbody>\n<tr>\n<td valign=\"bottom\">RESIGNATION:<\/td>\n<td valign=\"bottom\">RETURN OF THE AMOUNT PAID:<\/td>\n<\/tr>\n<tr>\n<td valign=\"bottom\">No later than 5 months before the start<\/td>\n<td valign=\"bottom\">100%<\/td>\n<\/tr>\n<tr>\n<td valign=\"bottom\">No later than 3 months before the start<\/td>\n<td valign=\"bottom\">80%<\/td>\n<\/tr>\n<tr>\n<td valign=\"bottom\">No later than 1 months before the start<\/td>\n<td valign=\"bottom\">50%<\/td>\n<\/tr>\n<tr>\n<td valign=\"bottom\">Less than 1 month before the start<\/td>\n<td valign=\"bottom\">0%<\/td>\n<\/tr>\n<\/tbody>\n<\/table>\n<p>&nbsp;<\/p>\n<p>In order to resign from start, please send an e-mail to the following address\u00a0<a href=\"mailto:mumin@wisla1200.pl\">mumin@wisla1200.pl<\/a>\u00a0from the e-mail address\u00a0<b>provided during registration<\/b>.<span class=\"Apple-converted-space\">\u00a0<\/span><\/p>\n<p>W przypadku, gdy dokona\u0142e\u015b wyboru opcji \u201eWolne Rzeki\u201d lub \u201eWolne Rzeki Plus\u201d kwota 50 z\u0142. przekazana zgodnie z Twoim wyborem stanowi Twoj\u0105 darowizn\u0119 na rzecz Podkarpackiego Towarzystwa Przyrodnik\u00f3w Wolne Rzeki i nie podlega zwrotowi w przypadku rezygnacji z udzia\u0142u w imprezie.<\/p>\n<p><a href=\"https:\/\/kolarstwoprzygodowe.pl\/wp-content\/uploads\/2022\/10\/Regulamin-zapisow-POM500-2023-2.pdf\">shop rules<\/a><\/p>\n<\/div>\n<\/div>","protected":false},"excerpt":{"rendered":"<p style=\"text-align: left;\"><img loading=\"lazy\" class=\"alignnone wp-image-260\" src=\"https:\/\/kolarstwoprzygodowe.pl\/wp-content\/uploads\/2020\/07\/64113-150x150.png\" alt=\"\" width=\"50\" height=\"50\" srcset=\"https:\/\/kolarstwoprzygodowe.pl\/wp-content\/uploads\/2020\/07\/64113-150x150.png 150w, https:\/\/kolarstwoprzygodowe.pl\/wp-content\/uploads\/2020\/07\/64113-300x300.png 300w, https:\/\/kolarstwoprzygodowe.pl\/wp-content\/uploads\/2020\/07\/64113-100x100.png 100w\" sizes=\"(max-width: 50px) 100vw, 50px\" \/> Start:<strong>\u00a0Szczecin \u00a0 \u00a0 \u00a0\u00a0<img loading=\"lazy\" class=\"alignnone wp-image-391\" src=\"https:\/\/kolarstwoprzygodowe.pl\/wp-content\/uploads\/2020\/07\/4-150x150.png\" alt=\"\" width=\"50\" height=\"50\" srcset=\"https:\/\/kolarstwoprzygodowe.pl\/wp-content\/uploads\/2020\/07\/4-150x150.png 150w, https:\/\/kolarstwoprzygodowe.pl\/wp-content\/uploads\/2020\/07\/4-100x100.png 100w, https:\/\/kolarstwoprzygodowe.pl\/wp-content\/uploads\/2020\/07\/4.png 225w\" sizes=\"(max-width: 50px) 100vw, 50px\" \/> \u00a0<\/strong>Finish: <strong>Sopot<\/strong><\/p>\n<p style=\"text-align: left;\"><span style=\"font-size: 16px;\"><img loading=\"lazy\" class=\"alignnone wp-image-388\" src=\"https:\/\/kolarstwoprzygodowe.pl\/wp-content\/uploads\/2020\/07\/1-150x150.png\" alt=\"\" width=\"53\" height=\"53\" srcset=\"https:\/\/kolarstwoprzygodowe.pl\/wp-content\/uploads\/2020\/07\/1-150x150.png 150w, https:\/\/kolarstwoprzygodowe.pl\/wp-content\/uploads\/2020\/07\/1-100x100.png 100w, https:\/\/kolarstwoprzygodowe.pl\/wp-content\/uploads\/2020\/07\/1.png 225w\" sizes=\"(max-width: 53px) 100vw, 53px\" \/>Date: <strong>04.06.2026<\/strong><\/span><\/p>\n<p style=\"text-align: left;\"><img loading=\"lazy\" class=\"alignnone wp-image-256\" src=\"https:\/\/kolarstwoprzygodowe.pl\/wp-content\/uploads\/2020\/07\/pobrane-150x150.png\" alt=\"\" width=\"45\" height=\"45\" srcset=\"https:\/\/kolarstwoprzygodowe.pl\/wp-content\/uploads\/2020\/07\/pobrane-150x150.png 150w, https:\/\/kolarstwoprzygodowe.pl\/wp-content\/uploads\/2020\/07\/pobrane-100x100.png 100w, https:\/\/kolarstwoprzygodowe.pl\/wp-content\/uploads\/2020\/07\/pobrane.png 225w\" sizes=\"(max-width: 45px) 100vw, 45px\" \/>\u00a0 Time limit: <strong>72\u00a0h<\/strong><\/p>\n<p><img loading=\"lazy\" class=\"alignnone wp-image-390\" src=\"https:\/\/kolarstwoprzygodowe.pl\/wp-content\/uploads\/2020\/07\/3-150x150.png\" alt=\"\" width=\"56\" height=\"56\" srcset=\"https:\/\/kolarstwoprzygodowe.pl\/wp-content\/uploads\/2020\/07\/3-150x150.png 150w, https:\/\/kolarstwoprzygodowe.pl\/wp-content\/uploads\/2020\/07\/3-100x100.png 100w, https:\/\/kolarstwoprzygodowe.pl\/wp-content\/uploads\/2020\/07\/3.png 225w\" sizes=\"(max-width: 56px) 100vw, 56px\" \/>Distance:<strong> 500 km<\/strong><\/p>\n<p><img loading=\"lazy\" class=\"alignnone wp-image-389\" src=\"https:\/\/kolarstwoprzygodowe.pl\/wp-content\/uploads\/2020\/07\/2-150x150.png\" alt=\"\" width=\"52\" height=\"52\" srcset=\"https:\/\/kolarstwoprzygodowe.pl\/wp-content\/uploads\/2020\/07\/2-150x150.png 150w, https:\/\/kolarstwoprzygodowe.pl\/wp-content\/uploads\/2020\/07\/2-100x100.png 100w, https:\/\/kolarstwoprzygodowe.pl\/wp-content\/uploads\/2020\/07\/2.png 225w\" sizes=\"(max-width: 52px) 100vw, 52px\" \/>Elevation gain:<b> <strong>5 000m +<\/strong><\/b><\/p>","protected":false},"featured_media":8643,"template":"","meta":{"_monsterinsights_skip_tracking":false,"_monsterinsights_sitenote_active":false,"_monsterinsights_sitenote_note":"","_monsterinsights_sitenote_category":0},"product_cat":[18],"product_tag":[],"_links":{"self":[{"href":"https:\/\/kolarstwoprzygodowe.pl\/en\/wp-json\/wp\/v2\/product\/11257"}],"collection":[{"href":"https:\/\/kolarstwoprzygodowe.pl\/en\/wp-json\/wp\/v2\/product"}],"about":[{"href":"https:\/\/kolarstwoprzygodowe.pl\/en\/wp-json\/wp\/v2\/types\/product"}],"wp:featuredmedia":[{"embeddable":true,"href":"https:\/\/kolarstwoprzygodowe.pl\/en\/wp-json\/wp\/v2\/media\/8643"}],"wp:attachment":[{"href":"https:\/\/kolarstwoprzygodowe.pl\/en\/wp-json\/wp\/v2\/media?parent=11257"}],"wp:term":[{"taxonomy":"product_cat","embeddable":true,"href":"https:\/\/kolarstwoprzygodowe.pl\/en\/wp-json\/wp\/v2\/product_cat?post=11257"},{"taxonomy":"product_tag","embeddable":true,"href":"https:\/\/kolarstwoprzygodowe.pl\/en\/wp-json\/wp\/v2\/product_tag?post=11257"}],"curies":[{"name":"wp","href":"https:\/\/api.w.org\/{rel}","templated":true}]}}