{"id":7268,"date":"2023-06-26T19:50:18","date_gmt":"2023-06-26T17:50:18","guid":{"rendered":"https:\/\/kolarstwoprzygodowe.pl\/?page_id=7268"},"modified":"2026-04-14T08:25:43","modified_gmt":"2026-04-14T06:25:43","slug":"wisla-1200-2025","status":"publish","type":"page","link":"https:\/\/kolarstwoprzygodowe.pl\/en\/wisla-1200-2025\/","title":{"rendered":"Wis\u0142a 1200 2025 live"},"content":{"rendered":"<div data-elementor-type=\"wp-page\" data-elementor-id=\"7268\" class=\"elementor elementor-7268\" data-elementor-settings=\"[]\">\n\t\t\t<div class=\"elementor-inner\">\n\t\t\t\t<div class=\"elementor-section-wrap\">\n\t\t\t\t\t\t\t<section class=\"elementor-element elementor-element-0e3dcec elementor-section-boxed elementor-section-height-default elementor-section-height-default elementor-section elementor-top-section\" data-id=\"0e3dcec\" data-element_type=\"section\">\n\t\t\t\t\t\t<div class=\"elementor-container elementor-column-gap-default\">\n\t\t\t\t<div class=\"elementor-row\">\n\t\t\t\t<div class=\"elementor-element elementor-element-6123e10 elementor-column elementor-col-100 elementor-top-column\" data-id=\"6123e10\" data-element_type=\"column\">\n\t\t\t<div class=\"elementor-column-wrap  elementor-element-populated\">\n\t\t\t\t\t<div class=\"elementor-widget-wrap\">\n\t\t\t\t<div class=\"elementor-element elementor-element-8733493 elementor-widget elementor-widget-spacer\" data-id=\"8733493\" data-element_type=\"widget\" data-widget_type=\"spacer.default\">\n\t\t\t\t<div class=\"elementor-widget-container\">\n\t\t\t\t\t<div class=\"elementor-spacer\">\n\t\t\t<div class=\"elementor-spacer-inner\"><\/div>\n\t\t<\/div>\n\t\t\t\t<\/div>\n\t\t\t\t<\/div>\n\t\t\t\t<div class=\"elementor-element elementor-element-123fba9 elementor-widget elementor-widget-heading\" data-id=\"123fba9\" data-element_type=\"widget\" data-widget_type=\"heading.default\">\n\t\t\t\t<div class=\"elementor-widget-container\">\n\t\t\t<h2 class=\"elementor-heading-title elementor-size-default\">Strefa zawodnika - Wis\u0142a 1200<\/h2>\t\t<\/div>\n\t\t\t\t<\/div>\n\t\t\t\t\t\t<\/div>\n\t\t\t<\/div>\n\t\t<\/div>\n\t\t\t\t\t\t<\/div>\n\t\t\t<\/div>\n\t\t<\/section>\n\t\t\t\t<section class=\"elementor-element elementor-element-efc651f elementor-section-boxed elementor-section-height-default elementor-section-height-default elementor-section elementor-top-section\" data-id=\"efc651f\" data-element_type=\"section\">\n\t\t\t\t\t\t<div class=\"elementor-container elementor-column-gap-default\">\n\t\t\t\t<div class=\"elementor-row\">\n\t\t\t\t<div class=\"elementor-element elementor-element-ee58d30 elementor-column elementor-col-100 elementor-top-column\" data-id=\"ee58d30\" data-element_type=\"column\">\n\t\t\t<div class=\"elementor-column-wrap  elementor-element-populated\">\n\t\t\t\t\t<div class=\"elementor-widget-wrap\">\n\t\t\t\t<div class=\"elementor-element elementor-element-fec44c8 elementor-widget elementor-widget-text-editor\" data-id=\"fec44c8\" data-element_type=\"widget\" data-widget_type=\"text-editor.default\">\n\t\t\t\t<div class=\"elementor-widget-container\">\n\t\t\t\t\t<div class=\"elementor-text-editor elementor-clearfix\"><p>Poni\u017cej znajdziesz wszystkie potrzebne pliki do pobrania, przeczytania i wydrukowania.&nbsp;<\/p><\/div>\n\t\t\t\t<\/div>\n\t\t\t\t<\/div>\n\t\t\t\t<div class=\"elementor-element elementor-element-91fe0f9 elementor-align-center elementor-widget elementor-widget-button\" data-id=\"91fe0f9\" data-element_type=\"widget\" data-widget_type=\"button.default\">\n\t\t\t\t<div class=\"elementor-widget-container\">\n\t\t\t\t\t<div class=\"elementor-button-wrapper\">\n\t\t\t<a href=\"https:\/\/drive.google.com\/drive\/folders\/1P-5fXLQ5p2DorqdJiVOvP8BUtXp3slJT?usp=sharing\" class=\"elementor-button-link elementor-button elementor-size-lg\" role=\"button\">\n\t\t\t\t\t\t<span class=\"elementor-button-content-wrapper\">\n\t\t\t\t\t\t<span class=\"elementor-button-text\">Dla zawodnik\u00f3w<\/span>\n\t\t<\/span>\n\t\t\t\t\t<\/a>\n\t\t<\/div>\n\t\t\t\t<\/div>\n\t\t\t\t<\/div>\n\t\t\t\t<div class=\"elementor-element elementor-element-c55380a elementor-widget elementor-widget-text-editor\" data-id=\"c55380a\" data-element_type=\"widget\" data-widget_type=\"text-editor.default\">\n\t\t\t\t<div class=\"elementor-widget-container\">\n\t\t\t\t\t<div class=\"elementor-text-editor elementor-clearfix\"><p>je\u017celi mapa poni\u017cej nie wy\u015bwietla si\u0119 poprawnie <a href=\"https:\/\/app.madcap.cc\/event\/wisla-1200-25\">kliknij tutaj.<\/a><\/p><\/div>\n\t\t\t\t<\/div>\n\t\t\t\t<\/div>\n\t\t\t\t<div class=\"elementor-element elementor-element-39747ef elementor-widget elementor-widget-text-editor\" data-id=\"39747ef\" data-element_type=\"widget\" data-widget_type=\"text-editor.default\">\n\t\t\t\t<div class=\"elementor-widget-container\">\n\t\t\t\t\t<div class=\"elementor-text-editor elementor-clearfix\"><iframe loading=\"lazy\" src=\"https:\/\/app.madcap.cc\/event\/wisla-1200-25\" width=\"100%\" height=\"650\">&gt;\n<\/iframe><\/div>\n\t\t\t\t<\/div>\n\t\t\t\t<\/div>\n\t\t\t\t\t\t<\/div>\n\t\t\t<\/div>\n\t\t<\/div>\n\t\t\t\t\t\t<\/div>\n\t\t\t<\/div>\n\t\t<\/section>\n\t\t\t\t\t\t<\/div>\n\t\t\t<\/div>\n\t\t<\/div>","protected":false},"excerpt":{"rendered":"<p>Strefa zawodnika &#8211; Wis\u0142a 1200 Poni\u017cej znajdziesz wszystkie potrzebne pliki do pobrania, przeczytania i wydrukowania.&nbsp; Dla zawodnik\u00f3w je\u017celi mapa poni\u017cej nie wy\u015bwietla si\u0119 poprawnie kliknij tutaj. &gt;<\/p>","protected":false},"author":1,"featured_media":0,"parent":0,"menu_order":0,"comment_status":"closed","ping_status":"closed","template":"","meta":{"_monsterinsights_skip_tracking":false,"_monsterinsights_sitenote_active":false,"_monsterinsights_sitenote_note":"","_monsterinsights_sitenote_category":0},"_links":{"self":[{"href":"https:\/\/kolarstwoprzygodowe.pl\/en\/wp-json\/wp\/v2\/pages\/7268"}],"collection":[{"href":"https:\/\/kolarstwoprzygodowe.pl\/en\/wp-json\/wp\/v2\/pages"}],"about":[{"href":"https:\/\/kolarstwoprzygodowe.pl\/en\/wp-json\/wp\/v2\/types\/page"}],"author":[{"embeddable":true,"href":"https:\/\/kolarstwoprzygodowe.pl\/en\/wp-json\/wp\/v2\/users\/1"}],"replies":[{"embeddable":true,"href":"https:\/\/kolarstwoprzygodowe.pl\/en\/wp-json\/wp\/v2\/comments?post=7268"}],"version-history":[{"count":22,"href":"https:\/\/kolarstwoprzygodowe.pl\/en\/wp-json\/wp\/v2\/pages\/7268\/revisions"}],"predecessor-version":[{"id":12087,"href":"https:\/\/kolarstwoprzygodowe.pl\/en\/wp-json\/wp\/v2\/pages\/7268\/revisions\/12087"}],"wp:attachment":[{"href":"https:\/\/kolarstwoprzygodowe.pl\/en\/wp-json\/wp\/v2\/media?parent=7268"}],"curies":[{"name":"wp","href":"https:\/\/api.w.org\/{rel}","templated":true}]}}