{"id":6879,"date":"2023-02-10T11:21:37","date_gmt":"2023-02-10T10:21:37","guid":{"rendered":"https:\/\/kolarstwoprzygodowe.pl\/?page_id=6879"},"modified":"2025-12-11T18:29:15","modified_gmt":"2025-12-11T17:29:15","slug":"wyniki","status":"publish","type":"page","link":"https:\/\/kolarstwoprzygodowe.pl\/en\/wyniki\/","title":{"rendered":"Results"},"content":{"rendered":"<div data-elementor-type=\"wp-page\" data-elementor-id=\"6879\" class=\"elementor elementor-6879\" data-elementor-settings=\"[]\">\n\t\t\t<div class=\"elementor-inner\">\n\t\t\t\t<div class=\"elementor-section-wrap\">\n\t\t\t\t\t\t\t<section class=\"elementor-element elementor-element-78986ec elementor-section-boxed elementor-section-height-default elementor-section-height-default elementor-section elementor-top-section\" data-id=\"78986ec\" data-element_type=\"section\">\n\t\t\t\t\t\t<div class=\"elementor-container elementor-column-gap-default\">\n\t\t\t\t<div class=\"elementor-row\">\n\t\t\t\t<div class=\"elementor-element elementor-element-be83179 elementor-column elementor-col-100 elementor-top-column\" data-id=\"be83179\" data-element_type=\"column\">\n\t\t\t<div class=\"elementor-column-wrap  elementor-element-populated\">\n\t\t\t\t\t<div class=\"elementor-widget-wrap\">\n\t\t\t\t<div class=\"elementor-element elementor-element-1d7d30b elementor-widget elementor-widget-spacer\" data-id=\"1d7d30b\" data-element_type=\"widget\" data-widget_type=\"spacer.default\">\n\t\t\t\t<div class=\"elementor-widget-container\">\n\t\t\t\t\t<div class=\"elementor-spacer\">\n\t\t\t<div class=\"elementor-spacer-inner\"><\/div>\n\t\t<\/div>\n\t\t\t\t<\/div>\n\t\t\t\t<\/div>\n\t\t\t\t\t\t<\/div>\n\t\t\t<\/div>\n\t\t<\/div>\n\t\t\t\t\t\t<\/div>\n\t\t\t<\/div>\n\t\t<\/section>\n\t\t\t\t<section class=\"elementor-element elementor-element-bcd609c elementor-section-boxed elementor-section-height-default elementor-section-height-default elementor-section elementor-top-section\" data-id=\"bcd609c\" data-element_type=\"section\">\n\t\t\t\t\t\t<div class=\"elementor-container elementor-column-gap-default\">\n\t\t\t\t<div class=\"elementor-row\">\n\t\t\t\t<div class=\"elementor-element elementor-element-55f6a68 elementor-column elementor-col-100 elementor-top-column\" data-id=\"55f6a68\" data-element_type=\"column\">\n\t\t\t<div class=\"elementor-column-wrap\">\n\t\t\t\t\t<div class=\"elementor-widget-wrap\">\n\t\t\t\t\t\t<\/div>\n\t\t\t<\/div>\n\t\t<\/div>\n\t\t\t\t\t\t<\/div>\n\t\t\t<\/div>\n\t\t<\/section>\n\t\t\t\t<section class=\"elementor-element elementor-element-a77f917 elementor-section-boxed elementor-section-height-default elementor-section-height-default elementor-section elementor-top-section\" data-id=\"a77f917\" data-element_type=\"section\">\n\t\t\t\t\t\t<div class=\"elementor-container elementor-column-gap-default\">\n\t\t\t\t<div class=\"elementor-row\">\n\t\t\t\t<div class=\"elementor-element elementor-element-dd06d85 elementor-column elementor-col-100 elementor-top-column\" data-id=\"dd06d85\" data-element_type=\"column\" data-settings=\"{&quot;background_background&quot;:&quot;classic&quot;}\">\n\t\t\t<div class=\"elementor-column-wrap  elementor-element-populated\">\n\t\t\t\t\t<div class=\"elementor-widget-wrap\">\n\t\t\t\t<div class=\"elementor-element elementor-element-8d93c37 elementor-tabs-view-horizontal elementor-widget elementor-widget-tabs\" data-id=\"8d93c37\" data-element_type=\"widget\" data-widget_type=\"tabs.default\">\n\t\t\t\t<div class=\"elementor-widget-container\">\n\t\t\t\t\t<div class=\"elementor-tabs\" role=\"tablist\">\n\t\t\t<div class=\"elementor-tabs-wrapper\">\n\t\t\t\t\t\t\t\t\t<div id=\"elementor-tab-title-1481\" class=\"elementor-tab-title elementor-tab-desktop-title\" data-tab=\"1\" role=\"tab\" aria-controls=\"elementor-tab-content-1481\"><a href=\"\">Wis\u0142a 1200<\/a><\/div>\n\t\t\t\t\t\t\t\t\t<div id=\"elementor-tab-title-1482\" class=\"elementor-tab-title elementor-tab-desktop-title\" data-tab=\"2\" role=\"tab\" aria-controls=\"elementor-tab-content-1482\"><a href=\"\">Carpatia Divide<\/a><\/div>\n\t\t\t\t\t\t\t\t\t<div id=\"elementor-tab-title-1483\" class=\"elementor-tab-title elementor-tab-desktop-title\" data-tab=\"3\" role=\"tab\" aria-controls=\"elementor-tab-content-1483\"><a href=\"\">Pomorska 500<\/a><\/div>\n\t\t\t\t\t\t\t\t\t<div id=\"elementor-tab-title-1484\" class=\"elementor-tab-title elementor-tab-desktop-title\" data-tab=\"4\" role=\"tab\" aria-controls=\"elementor-tab-content-1484\"><a href=\"\">Wsch\u00f3d<\/a><\/div>\n\t\t\t\t\t\t\t\t\t<div id=\"elementor-tab-title-1485\" class=\"elementor-tab-title elementor-tab-desktop-title\" data-tab=\"5\" role=\"tab\" aria-controls=\"elementor-tab-content-1485\"><a href=\"\">Czarne Serce<\/a><\/div>\n\t\t\t\t\t\t\t\t\t<div id=\"elementor-tab-title-1486\" class=\"elementor-tab-title elementor-tab-desktop-title\" data-tab=\"6\" role=\"tab\" aria-controls=\"elementor-tab-content-1486\"><a href=\"\">Wise\u0142ka 500<\/a><\/div>\n\t\t\t\t\t\t\t<\/div>\n\t\t\t<div class=\"elementor-tabs-content-wrapper\">\n\t\t\t\t\t\t\t\t\t<div class=\"elementor-tab-title elementor-tab-mobile-title\" data-tab=\"1\" role=\"tab\">Wis\u0142a 1200<\/div>\n\t\t\t\t\t<div id=\"elementor-tab-content-1481\" class=\"elementor-tab-content elementor-clearfix\" data-tab=\"1\" role=\"tabpanel\" aria-labelledby=\"elementor-tab-title-1481\"><ul><li><h6><a href=\"https:\/\/kolarstwoprzygodowe.pl\/wp-content\/uploads\/2025\/12\/wyniki-w1200-2025-Arkusz5-2.pdf\">2025<\/a> | \u00a0<a href=\"https:\/\/kolarstwoprzygodowe.pl\/wp-content\/uploads\/2025\/08\/wyniki-w1200-Arkusz6.pdf\">BIKERAFTING<\/a><\/h6><\/li><li><h6><a href=\"https:\/\/kolarstwoprzygodowe.pl\/wp-content\/uploads\/2025\/02\/Wyniki-pokop-2024-rewizja-Wisla-1200-3.pdf\">2024<\/a><\/h6><\/li><li><h6><a href=\"https:\/\/kolarstwoprzygodowe.pl\/wp-content\/uploads\/2025\/04\/Wisla2023-Wisla2023.pdf\">2023<\/a>\u00a0<\/h6><\/li><li><h6><a style=\"font-size: 1.2em; font-weight: bold;\" href=\"https:\/\/wisla1200.pl\/wp-content\/uploads\/2023\/01\/wyniki-wisla-1200-Wisla1200-2.pdf\">2022<\/a> <span style=\"font-size: 1.2em;\"><a href=\"https:\/\/kolarstwoprzygodowe.pl\/wp-content\/uploads\/2023\/06\/wyniki-wisla-1200-Arkusz7.pdf\">(Extreme)<\/a><\/span><\/h6><\/li><li><h6><a href=\"https:\/\/wisla1200.pl\/wp-content\/uploads\/2023\/02\/2021-Arkusz1.pdf\">2021<\/a><\/h6><\/li><li><h6><a href=\"https:\/\/wisla1200.pl\/wp-content\/uploads\/2020\/10\/Wis\u0142a-1200-wyniki-2020.pdf\">2020<\/a><\/h6><\/li><li><a href=\"https:\/\/wisla1200.pl\/wp-content\/uploads\/2019\/10\/WIS\u0141A-1200-wyniki-2019.pdf\">2019<\/a><\/li><li><a href=\"https:\/\/wisla1200.pl\/wp-content\/uploads\/2018\/09\/lista-wynikow-wisla1200-21082018-final.pdf\">2018<\/a><\/li><\/ul><\/div>\n\t\t\t\t\t\t\t\t\t<div class=\"elementor-tab-title elementor-tab-mobile-title\" data-tab=\"2\" role=\"tab\">Carpatia Divide<\/div>\n\t\t\t\t\t<div id=\"elementor-tab-content-1482\" class=\"elementor-tab-content elementor-clearfix\" data-tab=\"2\" role=\"tabpanel\" aria-labelledby=\"elementor-tab-title-1482\"><ul><li><h6><a href=\"https:\/\/kolarstwoprzygodowe.pl\/wp-content\/uploads\/2025\/04\/CarpataDivide2024-CarpataDivide2024.pdf\">2024<\/a><\/h6><\/li><li><h6><a href=\"https:\/\/kolarstwoprzygodowe.pl\/wp-content\/uploads\/2025\/04\/CarpatiaDivide2023-CarpatiaDivide2023.pdf\">2023<\/a><\/h6><\/li><li><h6><a href=\"https:\/\/carpatiadivide.pl\/wp-content\/uploads\/2023\/02\/Carpatia-Divide-2022.xlsx-deals-list-2.pdf\">2022<\/a><\/h6><\/li><li><h6><a href=\"https:\/\/carpatiadivide.pl\/wp-content\/uploads\/2023\/02\/Carpatia-Divide-2021-Wyniki.xlsx-Arkusz1.pdf\">2021<\/a><\/h6><\/li><li><h6><a href=\"https:\/\/carpatiadivide.pl\/wp-content\/uploads\/2021\/09\/Wyniki-wst\u0119pne-Carpatia-Divide-2020-Arkusz1.pdf\">2020<\/a><\/h6><\/li><li><h6><a href=\"https:\/\/carpatiadivide.pl\/wp-content\/uploads\/2019\/11\/CD.pdf\">2019<\/a><\/h6><\/li><\/ul><\/div>\n\t\t\t\t\t\t\t\t\t<div class=\"elementor-tab-title elementor-tab-mobile-title\" data-tab=\"3\" role=\"tab\">Pomorska 500<\/div>\n\t\t\t\t\t<div id=\"elementor-tab-content-1483\" class=\"elementor-tab-content elementor-clearfix\" data-tab=\"3\" role=\"tabpanel\" aria-labelledby=\"elementor-tab-title-1483\"><ul><li><h5><a href=\"https:\/\/kolarstwoprzygodowe.pl\/wp-content\/uploads\/2025\/07\/Wyniki-pomorska-500-lista-calosc.pdf\">2025<\/a><\/h5><\/li><li><h5><a href=\"https:\/\/kolarstwoprzygodowe.pl\/wp-content\/uploads\/2025\/04\/Pomorska2024-Pomorska2024.pdf\">2024<\/a><\/h5><\/li><li><h5><a href=\"https:\/\/kolarstwoprzygodowe.pl\/wp-content\/uploads\/2025\/04\/Pomorska2023-Pomorska2023.pdf\">2023<\/a><\/h5><\/li><li><h5><a href=\"https:\/\/pomorska500.pl\/wp-content\/uploads\/2022\/07\/Pomorska-500-Open.pdf\">2022<\/a><\/h5><\/li><li><h5>2021\u00a0( <a href=\"https:\/\/pomorska500.pl\/wp-content\/uploads\/2020\/10\/Pomorska-500-Wyniki-2020-Women.pdf\">K<\/a> | <a href=\"https:\/\/pomorska500.pl\/wp-content\/uploads\/2022\/07\/Pomorska-500-2021-WYNIKI-M%C4%99%C5%BCczy%C5%BAni-1.pdf\">M<\/a> )<\/h5><\/li><li><h5>2020 ( <a href=\"https:\/\/pomorska500.pl\/wp-content\/uploads\/2020\/10\/Pomorska-500-Wyniki-2020-Women.pdf\">K<\/a> | <a href=\"https:\/\/pomorska500.pl\/wp-content\/uploads\/2020\/10\/Pomorska-500-Wyniki-2020-Men.pdf\">M<\/a> )<\/h5><\/li><\/ul><\/div>\n\t\t\t\t\t\t\t\t\t<div class=\"elementor-tab-title elementor-tab-mobile-title\" data-tab=\"4\" role=\"tab\">Wsch\u00f3d<\/div>\n\t\t\t\t\t<div id=\"elementor-tab-content-1484\" class=\"elementor-tab-content elementor-clearfix\" data-tab=\"4\" role=\"tabpanel\" aria-labelledby=\"elementor-tab-title-1484\"><div><span style=\"color: #13100d; font-size: large;\"><span style=\"caret-color: #13100d;\">\u00a0<\/span><\/span><\/div><ul><li><h5><a href=\"https:\/\/docs.google.com\/spreadsheets\/d\/1Oed99cNq_KDPh7YP8J7oXwsfDy4wZUhsjGZz8Viswtk\/edit#gid=385875686\">2021<\/a><\/h5><\/li><\/ul><\/div>\n\t\t\t\t\t\t\t\t\t<div class=\"elementor-tab-title elementor-tab-mobile-title\" data-tab=\"5\" role=\"tab\">Czarne Serce<\/div>\n\t\t\t\t\t<div id=\"elementor-tab-content-1485\" class=\"elementor-tab-content elementor-clearfix\" data-tab=\"5\" role=\"tabpanel\" aria-labelledby=\"elementor-tab-title-1485\"><ul><li><a href=\"https:\/\/kolarstwoprzygodowe.pl\/wp-content\/uploads\/2025\/05\/czarne-serce-2025-wyniki.xlsx-Arkusz1-2.pdf\">2025<\/a><\/li><li><a href=\"https:\/\/kolarstwoprzygodowe.pl\/wp-content\/uploads\/2025\/04\/CzarneSerce2024-CzarneSerce2024.pdf\">2024<\/a><\/li><li><a href=\"https:\/\/kolarstwoprzygodowe.pl\/wp-content\/uploads\/2025\/04\/CzarneSerce2023-CzarneSerce2023.pdf\">2023<\/a><\/li><li><a href=\"https:\/\/kolarstwoprzygodowe.pl\/wp-content\/uploads\/2022\/05\/Czarne-Serce-2022-Wyniki-Arkusz1.pdf\">2022<\/a><\/li><\/ul><\/div>\n\t\t\t\t\t\t\t\t\t<div class=\"elementor-tab-title elementor-tab-mobile-title\" data-tab=\"6\" role=\"tab\">Wise\u0142ka 500<\/div>\n\t\t\t\t\t<div id=\"elementor-tab-content-1486\" class=\"elementor-tab-content elementor-clearfix\" data-tab=\"6\" role=\"tabpanel\" aria-labelledby=\"elementor-tab-title-1486\"><ul><li><h5><a href=\"https:\/\/kolarstwoprzygodowe.pl\/wp-content\/uploads\/2025\/07\/Wiselka-500-tracking-wyniki20252.pdf\">2025<\/a><\/h5><\/li><li><h5><a href=\"https:\/\/kolarstwoprzygodowe.pl\/wp-content\/uploads\/2025\/06\/Wyniki-pokop-2024-rewizja-Arkusz4-3.pdf\">2024<\/a><\/h5><\/li><li><h5><a href=\"https:\/\/kolarstwoprzygodowe.pl\/wp-content\/uploads\/2023\/11\/W1200_W500-2023-Wyniki-W500-2.pdf\">2023<\/a>\u00a0<\/h5><\/li><li><h5><a href=\"https:\/\/wisla1200.pl\/wp-content\/uploads\/2022\/12\/Wiselka500-Arkusz1.pdf\">2022<\/a><\/h5><\/li><\/ul><\/div>\n\t\t\t\t\t\t\t<\/div>\n\t\t<\/div>\n\t\t\t\t<\/div>\n\t\t\t\t<\/div>\n\t\t\t\t\t\t<\/div>\n\t\t\t<\/div>\n\t\t<\/div>\n\t\t\t\t\t\t<\/div>\n\t\t\t<\/div>\n\t\t<\/section>\n\t\t\t\t<section class=\"elementor-element elementor-element-128efd2 elementor-section-boxed elementor-section-height-default elementor-section-height-default elementor-section elementor-top-section\" data-id=\"128efd2\" data-element_type=\"section\">\n\t\t\t\t\t\t<div class=\"elementor-container elementor-column-gap-default\">\n\t\t\t\t<div class=\"elementor-row\">\n\t\t\t\t<div class=\"elementor-element elementor-element-673f54f elementor-column elementor-col-100 elementor-top-column\" data-id=\"673f54f\" data-element_type=\"column\" data-settings=\"{&quot;background_background&quot;:&quot;classic&quot;}\">\n\t\t\t<div class=\"elementor-column-wrap  elementor-element-populated\">\n\t\t\t\t\t<div class=\"elementor-widget-wrap\">\n\t\t\t\t<div class=\"elementor-element elementor-element-56cfac4 elementor-tabs-view-horizontal elementor-widget elementor-widget-tabs\" data-id=\"56cfac4\" data-element_type=\"widget\" data-widget_type=\"tabs.default\">\n\t\t\t\t<div class=\"elementor-widget-container\">\n\t\t\t\t\t<div class=\"elementor-tabs\" role=\"tablist\">\n\t\t\t<div class=\"elementor-tabs-wrapper\">\n\t\t\t\t\t\t\t\t\t<div id=\"elementor-tab-title-9101\" class=\"elementor-tab-title elementor-tab-desktop-title\" data-tab=\"1\" role=\"tab\" aria-controls=\"elementor-tab-content-9101\"><a href=\"\">Ultra Niespodzianka<\/a><\/div>\n\t\t\t\t\t\t\t\t\t<div id=\"elementor-tab-title-9102\" class=\"elementor-tab-title elementor-tab-desktop-title\" data-tab=\"2\" role=\"tab\" aria-controls=\"elementor-tab-content-9102\"><a href=\"\">Supercarpatia<\/a><\/div>\n\t\t\t\t\t\t\t\t\t<div id=\"elementor-tab-title-9103\" class=\"elementor-tab-title elementor-tab-desktop-title\" data-tab=\"3\" role=\"tab\" aria-controls=\"elementor-tab-content-9103\"><a href=\"\">Sudety Divide<\/a><\/div>\n\t\t\t\t\t\t\t\t\t<div id=\"elementor-tab-title-9104\" class=\"elementor-tab-title elementor-tab-desktop-title\" data-tab=\"4\" role=\"tab\" aria-controls=\"elementor-tab-content-9104\"><a href=\"\">AMBEROAD<\/a><\/div>\n\t\t\t\t\t\t\t<\/div>\n\t\t\t<div class=\"elementor-tabs-content-wrapper\">\n\t\t\t\t\t\t\t\t\t<div class=\"elementor-tab-title elementor-tab-mobile-title\" data-tab=\"1\" role=\"tab\">Ultra Niespodzianka<\/div>\n\t\t\t\t\t<div id=\"elementor-tab-content-9101\" class=\"elementor-tab-content elementor-clearfix\" data-tab=\"1\" role=\"tabpanel\" aria-labelledby=\"elementor-tab-title-9101\"><ul><li><h6><a href=\"https:\/\/kolarstwoprzygodowe.pl\/wp-content\/uploads\/2025\/04\/UltraNiespodzianka2023-UltraNiespodzianka2023.pdf\">2023<\/a><\/h6><\/li><\/ul><\/div>\n\t\t\t\t\t\t\t\t\t<div class=\"elementor-tab-title elementor-tab-mobile-title\" data-tab=\"2\" role=\"tab\">Supercarpatia<\/div>\n\t\t\t\t\t<div id=\"elementor-tab-content-9102\" class=\"elementor-tab-content elementor-clearfix\" data-tab=\"2\" role=\"tabpanel\" aria-labelledby=\"elementor-tab-title-9102\"><ul><li><h6><a href=\"https:\/\/kolarstwoprzygodowe.pl\/wp-content\/uploads\/2025\/04\/SuperCarpatia2024-SuperCarpatia2024.pdf\">2024<\/a><\/h6><\/li><\/ul><\/div>\n\t\t\t\t\t\t\t\t\t<div class=\"elementor-tab-title elementor-tab-mobile-title\" data-tab=\"3\" role=\"tab\">Sudety Divide<\/div>\n\t\t\t\t\t<div id=\"elementor-tab-content-9103\" class=\"elementor-tab-content elementor-clearfix\" data-tab=\"3\" role=\"tabpanel\" aria-labelledby=\"elementor-tab-title-9103\"><ul><li><a href=\"https:\/\/kolarstwoprzygodowe.pl\/wp-content\/uploads\/2025\/12\/2025_lista_sudety_divide-1-Arkusz1-2.pdf\">2025<\/a><\/li><li><a href=\"https:\/\/kolarstwoprzygodowe.pl\/wp-content\/uploads\/2025\/06\/SudetyDivide2024-SudetyDivide2024-2.pdf\">2024<\/a><\/li><\/ul><\/div>\n\t\t\t\t\t\t\t\t\t<div class=\"elementor-tab-title elementor-tab-mobile-title\" data-tab=\"4\" role=\"tab\">AMBEROAD<\/div>\n\t\t\t\t\t<div id=\"elementor-tab-content-9104\" class=\"elementor-tab-content elementor-clearfix\" data-tab=\"4\" role=\"tabpanel\" aria-labelledby=\"elementor-tab-title-9104\"><ul><li><h6><a href=\"https:\/\/kolarstwoprzygodowe.pl\/wp-content\/uploads\/2025\/12\/Amber2024-wyniki_rewizja.pdf\">2024<\/a><\/h6><\/li><\/ul><\/div>\n\t\t\t\t\t\t\t<\/div>\n\t\t<\/div>\n\t\t\t\t<\/div>\n\t\t\t\t<\/div>\n\t\t\t\t\t\t<\/div>\n\t\t\t<\/div>\n\t\t<\/div>\n\t\t\t\t\t\t<\/div>\n\t\t\t<\/div>\n\t\t<\/section>\n\t\t\t\t<section class=\"elementor-element elementor-element-e0e0911 elementor-section-boxed elementor-section-height-default elementor-section-height-default elementor-section elementor-top-section\" data-id=\"e0e0911\" data-element_type=\"section\">\n\t\t\t\t\t\t<div class=\"elementor-container elementor-column-gap-default\">\n\t\t\t\t<div class=\"elementor-row\">\n\t\t\t\t<div class=\"elementor-element elementor-element-4fb338b elementor-column elementor-col-100 elementor-top-column\" data-id=\"4fb338b\" data-element_type=\"column\">\n\t\t\t<div class=\"elementor-column-wrap  elementor-element-populated\">\n\t\t\t\t\t<div class=\"elementor-widget-wrap\">\n\t\t\t\t<div class=\"elementor-element elementor-element-6829187 elementor-widget elementor-widget-text-editor\" data-id=\"6829187\" data-element_type=\"widget\" data-widget_type=\"text-editor.default\">\n\t\t\t\t<div class=\"elementor-widget-container\">\n\t\t\t\t\t<div class=\"elementor-text-editor elementor-clearfix\"><\/div>\n\t\t\t\t<\/div>\n\t\t\t\t<\/div>\n\t\t\t\t\t\t<\/div>\n\t\t\t<\/div>\n\t\t<\/div>\n\t\t\t\t\t\t<\/div>\n\t\t\t<\/div>\n\t\t<\/section>\n\t\t\t\t\t\t<\/div>\n\t\t\t<\/div>\n\t\t<\/div>","protected":false},"excerpt":{"rendered":"<p>Wis\u0142a 1200 Carpatia Divide Pomorska 500 Wsch\u00f3d Czarne Serce Wise\u0142ka 500 Wis\u0142a 1200 2025 | \u00a0BIKERAFTING 2024 2023\u00a0 2022 (Extreme) 2021 2020 2019 2018 Carpatia Divide 2024 2023 2022 2021 2020 2019 Pomorska 500 2025 2024 2023 2022 2021\u00a0( K | M ) 2020 ( K | M ) Wsch\u00f3d \u00a0 2021 Czarne Serce 2025 &hellip;<\/p>\n<p class=\"read-more\"> <a class=\"\" href=\"https:\/\/kolarstwoprzygodowe.pl\/en\/wyniki\/\"> <span class=\"screen-reader-text\">Results<\/span> Read More &raquo;<\/a><\/p>","protected":false},"author":1,"featured_media":0,"parent":0,"menu_order":0,"comment_status":"closed","ping_status":"closed","template":"","meta":{"_monsterinsights_skip_tracking":false,"_monsterinsights_sitenote_active":false,"_monsterinsights_sitenote_note":"","_monsterinsights_sitenote_category":0},"_links":{"self":[{"href":"https:\/\/kolarstwoprzygodowe.pl\/en\/wp-json\/wp\/v2\/pages\/6879"}],"collection":[{"href":"https:\/\/kolarstwoprzygodowe.pl\/en\/wp-json\/wp\/v2\/pages"}],"about":[{"href":"https:\/\/kolarstwoprzygodowe.pl\/en\/wp-json\/wp\/v2\/types\/page"}],"author":[{"embeddable":true,"href":"https:\/\/kolarstwoprzygodowe.pl\/en\/wp-json\/wp\/v2\/users\/1"}],"replies":[{"embeddable":true,"href":"https:\/\/kolarstwoprzygodowe.pl\/en\/wp-json\/wp\/v2\/comments?post=6879"}],"version-history":[{"count":66,"href":"https:\/\/kolarstwoprzygodowe.pl\/en\/wp-json\/wp\/v2\/pages\/6879\/revisions"}],"predecessor-version":[{"id":11717,"href":"https:\/\/kolarstwoprzygodowe.pl\/en\/wp-json\/wp\/v2\/pages\/6879\/revisions\/11717"}],"wp:attachment":[{"href":"https:\/\/kolarstwoprzygodowe.pl\/en\/wp-json\/wp\/v2\/media?parent=6879"}],"curies":[{"name":"wp","href":"https:\/\/api.w.org\/{rel}","templated":true}]}}