{"id":683,"date":"2020-10-26T15:34:25","date_gmt":"2020-10-26T14:34:25","guid":{"rendered":"https:\/\/kolarstwoprzygodowe.pl\/?page_id=683"},"modified":"2026-05-07T12:04:34","modified_gmt":"2026-05-07T10:04:34","slug":"biblioteka","status":"publish","type":"page","link":"https:\/\/kolarstwoprzygodowe.pl\/en\/biblioteka\/","title":{"rendered":"Library"},"content":{"rendered":"<div data-elementor-type=\"wp-page\" data-elementor-id=\"683\" class=\"elementor elementor-683\" data-elementor-settings=\"[]\">\n\t\t\t<div class=\"elementor-inner\">\n\t\t\t\t<div class=\"elementor-section-wrap\">\n\t\t\t\t\t\t\t<section class=\"elementor-element elementor-element-3fc9e5f elementor-section-boxed elementor-section-height-default elementor-section-height-default elementor-section elementor-top-section\" data-id=\"3fc9e5f\" data-element_type=\"section\" data-settings=\"{&quot;background_background&quot;:&quot;classic&quot;}\">\n\t\t\t\t\t\t<div class=\"elementor-container elementor-column-gap-default\">\n\t\t\t\t<div class=\"elementor-row\">\n\t\t\t\t<div class=\"elementor-element elementor-element-e95f40d elementor-column elementor-col-100 elementor-top-column\" data-id=\"e95f40d\" data-element_type=\"column\">\n\t\t\t<div class=\"elementor-column-wrap  elementor-element-populated\">\n\t\t\t\t\t<div class=\"elementor-widget-wrap\">\n\t\t\t\t<div class=\"elementor-element elementor-element-d239660 elementor-widget elementor-widget-spacer\" data-id=\"d239660\" data-element_type=\"widget\" data-widget_type=\"spacer.default\">\n\t\t\t\t<div class=\"elementor-widget-container\">\n\t\t\t\t\t<div class=\"elementor-spacer\">\n\t\t\t<div class=\"elementor-spacer-inner\"><\/div>\n\t\t<\/div>\n\t\t\t\t<\/div>\n\t\t\t\t<\/div>\n\t\t\t\t\t\t<\/div>\n\t\t\t<\/div>\n\t\t<\/div>\n\t\t\t\t\t\t<\/div>\n\t\t\t<\/div>\n\t\t<\/section>\n\t\t\t\t<section class=\"elementor-element elementor-element-4b6b1f5 elementor-section-boxed elementor-section-height-default elementor-section-height-default elementor-section elementor-top-section\" data-id=\"4b6b1f5\" data-element_type=\"section\" data-settings=\"{&quot;background_background&quot;:&quot;classic&quot;}\">\n\t\t\t\t\t\t<div class=\"elementor-container elementor-column-gap-default\">\n\t\t\t\t<div class=\"elementor-row\">\n\t\t\t\t<div class=\"elementor-element elementor-element-e260e8c elementor-column elementor-col-100 elementor-top-column\" data-id=\"e260e8c\" data-element_type=\"column\" data-settings=\"{&quot;background_background&quot;:&quot;classic&quot;}\">\n\t\t\t<div class=\"elementor-column-wrap  elementor-element-populated\">\n\t\t\t\t\t<div class=\"elementor-widget-wrap\">\n\t\t\t\t<div class=\"elementor-element elementor-element-affe9b0 elementor-widget elementor-widget-text-editor\" data-id=\"affe9b0\" data-element_type=\"widget\" data-widget_type=\"text-editor.default\">\n\t\t\t\t<div class=\"elementor-widget-container\">\n\t\t\t\t\t<div class=\"elementor-text-editor elementor-clearfix\"><p>Have you recorded a movie or wrote a report from one of our events and want it to go to the library? <a href=\"https:\/\/kolarstwoprzygodowe.pl\/en\/kontakt\/\">Contact us<\/a><\/p><\/div>\n\t\t\t\t<\/div>\n\t\t\t\t<\/div>\n\t\t\t\t<div class=\"elementor-element elementor-element-f072d60 elementor-widget elementor-widget-heading\" data-id=\"f072d60\" data-element_type=\"widget\" data-widget_type=\"heading.default\">\n\t\t\t\t<div class=\"elementor-widget-container\">\n\t\t\t<h2 class=\"elementor-heading-title elementor-size-default\">Movies<\/h2>\t\t<\/div>\n\t\t\t\t<\/div>\n\t\t\t\t<div class=\"elementor-element elementor-element-a2c6a61 elementor-widget elementor-widget-accordion\" data-id=\"a2c6a61\" data-element_type=\"widget\" data-widget_type=\"accordion.default\">\n\t\t\t\t<div class=\"elementor-widget-container\">\n\t\t\t\t\t<div class=\"elementor-accordion\" role=\"tablist\">\n\t\t\t\t\t\t\t<div class=\"elementor-accordion-item\">\n\t\t\t\t\t<div id=\"elementor-tab-title-1701\" class=\"elementor-tab-title\" data-tab=\"1\" role=\"tab\" aria-controls=\"elementor-tab-content-1701\">\n\t\t\t\t\t\t\t\t\t\t\t\t\t<span class=\"elementor-accordion-icon elementor-accordion-icon-right\" aria-hidden=\"true\">\n\t\t\t\t\t\t\t\t\t\t\t\t\t\t\t<span class=\"elementor-accordion-icon-closed\"><i class=\"fas fa-plus\"><\/i><\/span>\n\t\t\t\t\t\t\t\t<span class=\"elementor-accordion-icon-opened\"><i class=\"fas fa-minus\"><\/i><\/span>\n\t\t\t\t\t\t\t\t\t\t\t\t\t\t<\/span>\n\t\t\t\t\t\t\t\t\t\t\t\t<a class=\"elementor-accordion-title\" href=\"\">Wsch\u00f3d<\/a>\n\t\t\t\t\t<\/div>\n\t\t\t\t\t<div id=\"elementor-tab-content-1701\" class=\"elementor-tab-content elementor-clearfix\" data-tab=\"1\" role=\"tabpanel\" aria-labelledby=\"elementor-tab-title-1701\"><p><div class=\"ast-oembed-container\"><iframe loading=\"lazy\" title=\"&quot;Wsch\u00f3d 2021&quot; by PoKoP - czyli 100% kolarstwa przygodowego wzd\u0142u\u017c wschodniej granicy Polski.\" width=\"500\" height=\"281\" src=\"https:\/\/www.youtube.com\/embed\/pfEb0RtDRF4?feature=oembed\" frameborder=\"0\" allow=\"accelerometer; autoplay; clipboard-write; encrypted-media; gyroscope; picture-in-picture\" allowfullscreen><\/iframe><\/div><\/p><p><div class=\"ast-oembed-container\"><iframe loading=\"lazy\" title=\"Wsch\u00f3d 2021 - DNF - Polskie Kolarstwo Przygodowe - PoKoP\" width=\"500\" height=\"281\" src=\"https:\/\/www.youtube.com\/embed\/lpLVvcLjXYU?start=378&feature=oembed\" frameborder=\"0\" allow=\"accelerometer; autoplay; clipboard-write; encrypted-media; gyroscope; picture-in-picture\" allowfullscreen><\/iframe><\/div><\/p><p><div class=\"ast-oembed-container\"><iframe loading=\"lazy\" title=\"Ultralekki zestaw na maraton rowerowy Wsch\u00f3d 2021 by Rafa\u0142 Buczek |  English Subtitles\" width=\"500\" height=\"281\" src=\"https:\/\/www.youtube.com\/embed\/6rkM7XkRjCc?feature=oembed\" frameborder=\"0\" allow=\"accelerometer; autoplay; clipboard-write; encrypted-media; gyroscope; picture-in-picture\" allowfullscreen><\/iframe><\/div><\/p><p><div class=\"ast-oembed-container\"><iframe loading=\"lazy\" title=\"Wsch\u00f3d 1400 - podsumowanie | Rower, ekwipunek, strategia, trasa| VLOG #036\" width=\"500\" height=\"281\" src=\"https:\/\/www.youtube.com\/embed\/8rpEnd-kqkQ?feature=oembed\" frameborder=\"0\" allow=\"accelerometer; autoplay; clipboard-write; encrypted-media; gyroscope; picture-in-picture\" allowfullscreen><\/iframe><\/div><\/p><p><div class=\"ast-oembed-container\"><iframe loading=\"lazy\" title=\"Ultramaraton Wsch\u00f3d 1400 | Od Bieszczad przez Roztocze po Nadbu\u017ca\u0144skie meandry. Pierwsze 3 dni. Cz.1\" width=\"500\" height=\"281\" src=\"https:\/\/www.youtube.com\/embed\/IOsBHUIJIQw?feature=oembed\" frameborder=\"0\" allow=\"accelerometer; autoplay; clipboard-write; encrypted-media; gyroscope; picture-in-picture\" allowfullscreen><\/iframe><\/div><\/p><p><div class=\"ast-oembed-container\"><iframe loading=\"lazy\" title=\"W\u0105sy na Wsch\u00f3d 2021 - #1 Noga Wypocz\u0119ta\" width=\"500\" height=\"281\" src=\"https:\/\/www.youtube.com\/embed\/FXvalagbk2w?feature=oembed\" frameborder=\"0\" allow=\"accelerometer; autoplay; clipboard-write; encrypted-media; gyroscope; picture-in-picture\" allowfullscreen><\/iframe><\/div><\/p><p><div class=\"ast-oembed-container\"><iframe loading=\"lazy\" title=\"WSCH\u00d3D 1400 - 2021 - Spotkanie i rozmowa na trasie z Krystianem Jakubek-iem - Powodzenia!\" width=\"500\" height=\"281\" src=\"https:\/\/www.youtube.com\/embed\/BHKPJyR6mLc?feature=oembed\" frameborder=\"0\" allow=\"accelerometer; autoplay; clipboard-write; encrypted-media; gyroscope; picture-in-picture\" allowfullscreen><\/iframe><\/div><\/p><p><div class=\"ast-oembed-container\"><iframe loading=\"lazy\" title=\"Ultramaraton rowerowy Wscho\u0301d 1400. Edycja 2021.\" width=\"500\" height=\"281\" src=\"https:\/\/www.youtube.com\/embed\/PTC8y_aX3bo?start=55&feature=oembed\" frameborder=\"0\" allow=\"accelerometer; autoplay; clipboard-write; encrypted-media; gyroscope; picture-in-picture\" allowfullscreen><\/iframe><\/div><\/p><\/div>\n\t\t\t\t<\/div>\n\t\t\t\t\t\t\t<div class=\"elementor-accordion-item\">\n\t\t\t\t\t<div id=\"elementor-tab-title-1702\" class=\"elementor-tab-title\" data-tab=\"2\" role=\"tab\" aria-controls=\"elementor-tab-content-1702\">\n\t\t\t\t\t\t\t\t\t\t\t\t\t<span class=\"elementor-accordion-icon elementor-accordion-icon-right\" aria-hidden=\"true\">\n\t\t\t\t\t\t\t\t\t\t\t\t\t\t\t<span class=\"elementor-accordion-icon-closed\"><i class=\"fas fa-plus\"><\/i><\/span>\n\t\t\t\t\t\t\t\t<span class=\"elementor-accordion-icon-opened\"><i class=\"fas fa-minus\"><\/i><\/span>\n\t\t\t\t\t\t\t\t\t\t\t\t\t\t<\/span>\n\t\t\t\t\t\t\t\t\t\t\t\t<a class=\"elementor-accordion-title\" href=\"\">Wis\u0142a 1200<\/a>\n\t\t\t\t\t<\/div>\n\t\t\t\t\t<div id=\"elementor-tab-content-1702\" class=\"elementor-tab-content elementor-clearfix\" data-tab=\"2\" role=\"tabpanel\" aria-labelledby=\"elementor-tab-title-1702\"><h6 style=\"font-size: 0.882353rem; font-style: normal;\">Wis\u0142a 1200 (2019)\u00a0<\/h6><p style=\"font-size: 17px; font-style: normal; font-weight: 400;\"><div class=\"ast-oembed-container\"><iframe loading=\"lazy\" title=\"WIS\u0141A 1200\" width=\"500\" height=\"281\" src=\"https:\/\/www.youtube.com\/embed\/tmwY_s1KEm0?start=357&feature=oembed\" frameborder=\"0\" allow=\"accelerometer; autoplay; clipboard-write; encrypted-media; gyroscope; picture-in-picture\" allowfullscreen><\/iframe><\/div><\/p><h6 style=\"font-size: 0.882353rem; font-style: normal;\">Wis\u0142a 1200, relacja by Microprzygody (2019)\u00a0<\/h6><p style=\"font-size: 17px; font-style: normal; font-weight: 400;\"><div class=\"ast-oembed-container\"><iframe loading=\"lazy\" title=\"Wis\u0142a 1200 - ultra relacja bez tajemnic. Edycja 2019\" width=\"500\" height=\"281\" src=\"https:\/\/www.youtube.com\/embed\/Ixe4Db7HkNk?feature=oembed\" frameborder=\"0\" allow=\"accelerometer; autoplay; clipboard-write; encrypted-media; gyroscope; picture-in-picture\" allowfullscreen><\/iframe><\/div><\/p><h6 style=\"font-size: 0.882353rem; font-style: normal;\">Wis\u0142a 1200- wzloty i upadki, edycja 2019 by Bushcraftowy\u00a0<\/h6><p style=\"font-size: 17px; font-style: normal; font-weight: 400;\"><div class=\"ast-oembed-container\"><iframe loading=\"lazy\" title=\"Wis\u0142a 1200 - wzloty i upadki - edycja 2019\" width=\"500\" height=\"281\" src=\"https:\/\/www.youtube.com\/embed\/Bq2T2ijCceY?feature=oembed\" frameborder=\"0\" allow=\"accelerometer; autoplay; clipboard-write; encrypted-media; gyroscope; picture-in-picture\" allowfullscreen><\/iframe><\/div><\/p><h6 style=\"font-size: 0.882353rem; font-style: normal;\">Wis\u0142a 1200 &#8211; zapiski z trasy by Krzysztof Lipczy\u0144ski\u00a0<\/h6><p style=\"font-size: 17px; font-style: normal; font-weight: 400;\"><div class=\"ast-oembed-container\"><iframe loading=\"lazy\" title=\"Wis\u0142a 1200 - zapiski z trasy [animacja + wersja rozszerzona]\" width=\"500\" height=\"281\" src=\"https:\/\/www.youtube.com\/embed\/oVnpFIpqLMA?feature=oembed\" frameborder=\"0\" allow=\"accelerometer; autoplay; clipboard-write; encrypted-media; gyroscope; picture-in-picture\" allowfullscreen><\/iframe><\/div><\/p><h6 style=\"font-size: 0.882353rem; font-style: normal;\">Wis\u0142a 1200, dzie\u0144 1 by Rowerowyvlog\u00a0<\/h6><p style=\"font-size: 17px; font-style: normal; font-weight: 400;\"><div class=\"ast-oembed-container\"><iframe loading=\"lazy\" title=\"WIS\u0141A 1200 - DZIE\u0143 1: Przed startem, Zjazd, Pierwsze awarie, Smutna rocznica, O\u015bwi\u0119cim\" width=\"500\" height=\"281\" src=\"https:\/\/www.youtube.com\/embed\/S8XZ_XkVu1U?feature=oembed\" frameborder=\"0\" allow=\"accelerometer; autoplay; clipboard-write; encrypted-media; gyroscope; picture-in-picture\" allowfullscreen><\/iframe><\/div><\/p><\/div>\n\t\t\t\t<\/div>\n\t\t\t\t\t\t\t<div class=\"elementor-accordion-item\">\n\t\t\t\t\t<div id=\"elementor-tab-title-1703\" class=\"elementor-tab-title\" data-tab=\"3\" role=\"tab\" aria-controls=\"elementor-tab-content-1703\">\n\t\t\t\t\t\t\t\t\t\t\t\t\t<span class=\"elementor-accordion-icon elementor-accordion-icon-right\" aria-hidden=\"true\">\n\t\t\t\t\t\t\t\t\t\t\t\t\t\t\t<span class=\"elementor-accordion-icon-closed\"><i class=\"fas fa-plus\"><\/i><\/span>\n\t\t\t\t\t\t\t\t<span class=\"elementor-accordion-icon-opened\"><i class=\"fas fa-minus\"><\/i><\/span>\n\t\t\t\t\t\t\t\t\t\t\t\t\t\t<\/span>\n\t\t\t\t\t\t\t\t\t\t\t\t<a class=\"elementor-accordion-title\" href=\"\">Carpatia Divide<\/a>\n\t\t\t\t\t<\/div>\n\t\t\t\t\t<div id=\"elementor-tab-content-1703\" class=\"elementor-tab-content elementor-clearfix\" data-tab=\"3\" role=\"tabpanel\" aria-labelledby=\"elementor-tab-title-1703\"><h6 style=\"font-size: 0.882353rem; font-style: normal;\">Carpatia Divide 2019 | race<\/h6><p style=\"font-size: 17px; font-style: normal; font-weight: 400;\"><div class=\"ast-oembed-container\"><iframe loading=\"lazy\" title=\"CARPATIA DIVIDE 2019 | RACE\" width=\"500\" height=\"281\" src=\"https:\/\/www.youtube.com\/embed\/vAi1CfPrwSc?feature=oembed\" frameborder=\"0\" allow=\"accelerometer; autoplay; clipboard-write; encrypted-media; gyroscope; picture-in-picture\" allowfullscreen><\/iframe><\/div><\/p><h6 style=\"font-size: 0.882353rem; font-style: normal;\">Carpatia Divide 2019 | we salute you<\/h6><p style=\"font-size: 17px; font-style: normal; font-weight: 400;\"><div class=\"ast-oembed-container\"><iframe loading=\"lazy\" title=\"CARPATIA DIVIDE 2019 | RACE\" width=\"500\" height=\"281\" src=\"https:\/\/www.youtube.com\/embed\/vAi1CfPrwSc?feature=oembed\" frameborder=\"0\" allow=\"accelerometer; autoplay; clipboard-write; encrypted-media; gyroscope; picture-in-picture\" allowfullscreen><\/iframe><\/div><\/p><h6 style=\"font-size: 0.882353rem; font-style: normal;\">Carpatia Divide 2019 | motywacje<\/h6><p style=\"font-size: 17px; font-style: normal; font-weight: 400;\"><div class=\"ast-oembed-container\"><iframe loading=\"lazy\" title=\"CARPATIA DIVIDE 2019 | MOTIVATIONS\" width=\"500\" height=\"281\" src=\"https:\/\/www.youtube.com\/embed\/c-4YBcjzIRE?feature=oembed\" frameborder=\"0\" allow=\"accelerometer; autoplay; clipboard-write; encrypted-media; gyroscope; picture-in-picture\" allowfullscreen><\/iframe><\/div><\/p><p>Carpatia Divide 2019 by Bushcraftowy<\/p><p style=\"font-size: 17px; font-style: normal; font-weight: 400;\"><div class=\"ast-oembed-container\"><iframe loading=\"lazy\" title=\"Carpatia Divide - 644km zmaga\u0144 na g\u00f3rskich szlakach.\" width=\"500\" height=\"281\" src=\"https:\/\/www.youtube.com\/embed\/_6d1E516oRs?feature=oembed\" frameborder=\"0\" allow=\"accelerometer; autoplay; clipboard-write; encrypted-media; gyroscope; picture-in-picture\" allowfullscreen><\/iframe><\/div><\/p><h6>Carpatia Divide 2020 by Wheel Brothers<\/h6><p><div class=\"ast-oembed-container\"><iframe loading=\"lazy\" title=\"Carpatia Divide 2020 w 8 minut - dystans 638 km, przewy\u017cszenie +16,679m\" width=\"500\" height=\"281\" src=\"https:\/\/www.youtube.com\/embed\/Zcd8-D4d_H8?feature=oembed\" frameborder=\"0\" allow=\"accelerometer; autoplay; clipboard-write; encrypted-media; gyroscope; picture-in-picture\" allowfullscreen><\/iframe><\/div><\/p><h6>Carpatia Divide 2020 by Krzysztof Lipczy\u0144ski<\/h6><p><div class=\"ast-oembed-container\"><iframe loading=\"lazy\" title=\"Carpatia Divide 2020 [4K] - pe\u0142na relacja z komentarzem\" width=\"500\" height=\"281\" src=\"https:\/\/www.youtube.com\/embed\/49PZGDSbd_I?feature=oembed\" frameborder=\"0\" allow=\"accelerometer; autoplay; clipboard-write; encrypted-media; gyroscope; picture-in-picture\" allowfullscreen><\/iframe><\/div><\/p><\/div>\n\t\t\t\t<\/div>\n\t\t\t\t\t\t\t<div class=\"elementor-accordion-item\">\n\t\t\t\t\t<div id=\"elementor-tab-title-1704\" class=\"elementor-tab-title\" data-tab=\"4\" role=\"tab\" aria-controls=\"elementor-tab-content-1704\">\n\t\t\t\t\t\t\t\t\t\t\t\t\t<span class=\"elementor-accordion-icon elementor-accordion-icon-right\" aria-hidden=\"true\">\n\t\t\t\t\t\t\t\t\t\t\t\t\t\t\t<span class=\"elementor-accordion-icon-closed\"><i class=\"fas fa-plus\"><\/i><\/span>\n\t\t\t\t\t\t\t\t<span class=\"elementor-accordion-icon-opened\"><i class=\"fas fa-minus\"><\/i><\/span>\n\t\t\t\t\t\t\t\t\t\t\t\t\t\t<\/span>\n\t\t\t\t\t\t\t\t\t\t\t\t<a class=\"elementor-accordion-title\" href=\"\">Pomorska 500<\/a>\n\t\t\t\t\t<\/div>\n\t\t\t\t\t<div id=\"elementor-tab-content-1704\" class=\"elementor-tab-content elementor-clearfix\" data-tab=\"4\" role=\"tabpanel\" aria-labelledby=\"elementor-tab-title-1704\"><p style=\"font-size: 17px; font-style: normal; font-weight: 400;\">Relacja by\u00a0Robert Rybak<span style=\"font-size: 17px; font-style: normal; font-weight: 400;\">\u00a0<\/span><\/p><p><div class=\"ast-oembed-container\"><iframe loading=\"lazy\" title=\"POMORSKA 500 - RELACJA z ULTRAMARATONU ROWEROWEGO (edycja 2022)\" width=\"500\" height=\"281\" src=\"https:\/\/www.youtube.com\/embed\/nxQiNgkYfCI?feature=oembed\" frameborder=\"0\" allow=\"accelerometer; autoplay; clipboard-write; encrypted-media; gyroscope; picture-in-picture\" allowfullscreen><\/iframe><\/div><\/p><p>Relacja by Mikroprzygody\u00a0<\/p><p><div class=\"ast-oembed-container\"><iframe loading=\"lazy\" title=\"Pomorska 500 - Piek\u0142o P\u00f3\u0142nocy - ultra relacja.\" width=\"500\" height=\"281\" src=\"https:\/\/www.youtube.com\/embed\/FtlkZfZv0cM?start=6&feature=oembed\" frameborder=\"0\" allow=\"accelerometer; autoplay; clipboard-write; encrypted-media; gyroscope; picture-in-picture\" allowfullscreen><\/iframe><\/div><\/p><p>Relacja by Przemys\u0142av\u00a0<\/p><p><div class=\"ast-oembed-container\"><iframe loading=\"lazy\" title=\"Pomorska 500 - Moje Pierwsze Ultra Zmagania\" width=\"500\" height=\"281\" src=\"https:\/\/www.youtube.com\/embed\/mFYXBD2h-0A?feature=oembed\" frameborder=\"0\" allow=\"accelerometer; autoplay; clipboard-write; encrypted-media; gyroscope; picture-in-picture\" allowfullscreen><\/iframe><\/div><\/p><p>Relacja by Krzysztof Lipczy\u0144ski\u00a0<\/p><p><div class=\"ast-oembed-container\"><iframe loading=\"lazy\" title=\"&quot;Pomorska 500&quot; - 1 edycja 2020 z komentarzem w 4K\" width=\"500\" height=\"281\" src=\"https:\/\/www.youtube.com\/embed\/StG_c48MLmw?feature=oembed\" frameborder=\"0\" allow=\"accelerometer; autoplay; clipboard-write; encrypted-media; gyroscope; picture-in-picture\" allowfullscreen><\/iframe><\/div><\/p><p>\u00a0<\/p><\/div>\n\t\t\t\t<\/div>\n\t\t\t\t\t<\/div>\n\t\t\t\t<\/div>\n\t\t\t\t<\/div>\n\t\t\t\t<div class=\"elementor-element elementor-element-edb1f75 elementor-widget elementor-widget-heading\" data-id=\"edb1f75\" data-element_type=\"widget\" data-widget_type=\"heading.default\">\n\t\t\t\t<div class=\"elementor-widget-container\">\n\t\t\t<h2 class=\"elementor-heading-title elementor-size-default\">Articles<\/h2>\t\t<\/div>\n\t\t\t\t<\/div>\n\t\t\t\t<div class=\"elementor-element elementor-element-009c459 elementor-widget elementor-widget-accordion\" data-id=\"009c459\" data-element_type=\"widget\" data-widget_type=\"accordion.default\">\n\t\t\t\t<div class=\"elementor-widget-container\">\n\t\t\t\t\t<div class=\"elementor-accordion\" role=\"tablist\">\n\t\t\t\t\t\t\t<div class=\"elementor-accordion-item\">\n\t\t\t\t\t<div id=\"elementor-tab-title-6401\" class=\"elementor-tab-title\" data-tab=\"1\" role=\"tab\" aria-controls=\"elementor-tab-content-6401\">\n\t\t\t\t\t\t\t\t\t\t\t\t\t<span class=\"elementor-accordion-icon elementor-accordion-icon-right\" aria-hidden=\"true\">\n\t\t\t\t\t\t\t\t\t\t\t\t\t\t\t<span class=\"elementor-accordion-icon-closed\"><i class=\"fas fa-plus\"><\/i><\/span>\n\t\t\t\t\t\t\t\t<span class=\"elementor-accordion-icon-opened\"><i class=\"fas fa-minus\"><\/i><\/span>\n\t\t\t\t\t\t\t\t\t\t\t\t\t\t<\/span>\n\t\t\t\t\t\t\t\t\t\t\t\t<a class=\"elementor-accordion-title\" href=\"\">Wis\u0142a 1200<\/a>\n\t\t\t\t\t<\/div>\n\t\t\t\t\t<div id=\"elementor-tab-content-6401\" class=\"elementor-tab-content elementor-clearfix\" data-tab=\"1\" role=\"tabpanel\" aria-labelledby=\"elementor-tab-title-6401\"><h6 class=\"single-post-title\"><a href=\"https:\/\/mambaonbike.pl\/wisla-1200-jak-przejechac-ultramaraton-wywiady\/\">JAK PRZEJECHA\u0106 ULTRAMARATON \u2013 WYWIADY by Mamba on Bike\u00a0<\/a><\/h6><p><blockquote class=\"wp-embedded-content\" data-secret=\"VXXSttapUz\"><a href=\"https:\/\/mambaonbike.pl\/wisla-1200-jak-przejechac-ultramaraton-wywiady\/\">Wis\u0142a 1200 &#8211; jak przejecha\u0107 ultramaraton &#8211; wywiady<\/a><\/blockquote><iframe class=\"wp-embedded-content\" sandbox=\"allow-scripts\" security=\"restricted\" style=\"position: absolute; clip: rect(1px, 1px, 1px, 1px);\" title=\"&#8222;Wis\u0142a 1200 &#8211; jak przejecha\u0107 ultramaraton &#8211; wywiady&#8221; &#8212; mamba on bike\" src=\"https:\/\/mambaonbike.pl\/wisla-1200-jak-przejechac-ultramaraton-wywiady\/embed\/#?secret=VXXSttapUz\" data-secret=\"VXXSttapUz\" width=\"500\" height=\"282\" frameborder=\"0\" marginwidth=\"0\" marginheight=\"0\" scrolling=\"no\"><\/iframe><\/p><p>\u00a0<\/p><p>\u00a0<\/p><\/div>\n\t\t\t\t<\/div>\n\t\t\t\t\t\t\t<div class=\"elementor-accordion-item\">\n\t\t\t\t\t<div id=\"elementor-tab-title-6402\" class=\"elementor-tab-title\" data-tab=\"2\" role=\"tab\" aria-controls=\"elementor-tab-content-6402\">\n\t\t\t\t\t\t\t\t\t\t\t\t\t<span class=\"elementor-accordion-icon elementor-accordion-icon-right\" aria-hidden=\"true\">\n\t\t\t\t\t\t\t\t\t\t\t\t\t\t\t<span class=\"elementor-accordion-icon-closed\"><i class=\"fas fa-plus\"><\/i><\/span>\n\t\t\t\t\t\t\t\t<span class=\"elementor-accordion-icon-opened\"><i class=\"fas fa-minus\"><\/i><\/span>\n\t\t\t\t\t\t\t\t\t\t\t\t\t\t<\/span>\n\t\t\t\t\t\t\t\t\t\t\t\t<a class=\"elementor-accordion-title\" href=\"\">Carpatia Divide<\/a>\n\t\t\t\t\t<\/div>\n\t\t\t\t\t<div id=\"elementor-tab-content-6402\" class=\"elementor-tab-content elementor-clearfix\" data-tab=\"2\" role=\"tabpanel\" aria-labelledby=\"elementor-tab-title-6402\"><h6 class=\"article-title\">CARPATIA DIVIDE W RELACJI OLKA PACHULSKIEGO\u00a0<\/h6><p><a href=\"https:\/\/magazynbike.pl\/2019\/08\/29\/carpatia-divide-w-relacji\/\">https:\/\/magazynbike.pl\/2019\/08\/29\/carpatia-divide-w-relacji\/\u00a0<\/a><\/p><h6>Carpatia Divide czyli g\u00f3ry na wskro\u015b<\/h6><p><a href=\"https:\/\/magazynbike.pl\/2019\/11\/02\/carpatia-divide-czyli-gory-wskros\/\">https:\/\/magazynbike.pl\/2019\/11\/02\/carpatia-divide-czyli-gory-wskros\/\u00a0\u00a0<\/a><\/p><h6>Relacja by Wilk\u00a0<\/h6><p><a href=\"http:\/\/wyprawyrowerowe.neostrada.pl\/carpatia\/carpatia.html\">http:\/\/wyprawyrowerowe.neostrada.pl\/carpatia\/carpatia.html<\/a><\/p><p>\u00a0<\/p><p>\u00a0<\/p><p>\u00a0<\/p><\/div>\n\t\t\t\t<\/div>\n\t\t\t\t\t\t\t<div class=\"elementor-accordion-item\">\n\t\t\t\t\t<div id=\"elementor-tab-title-6403\" class=\"elementor-tab-title\" data-tab=\"3\" role=\"tab\" aria-controls=\"elementor-tab-content-6403\">\n\t\t\t\t\t\t\t\t\t\t\t\t\t<span class=\"elementor-accordion-icon elementor-accordion-icon-right\" aria-hidden=\"true\">\n\t\t\t\t\t\t\t\t\t\t\t\t\t\t\t<span class=\"elementor-accordion-icon-closed\"><i class=\"fas fa-plus\"><\/i><\/span>\n\t\t\t\t\t\t\t\t<span class=\"elementor-accordion-icon-opened\"><i class=\"fas fa-minus\"><\/i><\/span>\n\t\t\t\t\t\t\t\t\t\t\t\t\t\t<\/span>\n\t\t\t\t\t\t\t\t\t\t\t\t<a class=\"elementor-accordion-title\" href=\"\">Pomorska 500<\/a>\n\t\t\t\t\t<\/div>\n\t\t\t\t\t<div id=\"elementor-tab-content-6403\" class=\"elementor-tab-content elementor-clearfix\" data-tab=\"3\" role=\"tabpanel\" aria-labelledby=\"elementor-tab-title-6403\"><h6 class=\"article-title\">\u201eGRA\u017bYNKA\u201d DOJECHA\u0141A DO GDA\u0143SKA. TROCH\u0118 SI\u0118 ZM\u0118CZY\u0141A. WYGRA\u0141A\u00a0 POMORSK\u0104 500.<\/h6><p>by Anna Sadowska\u00a0<\/p><p><a href=\"https:\/\/magazynbike.pl\/2020\/06\/15\/grazynka-dojechala-do-gdanska-troche-sie-zmeczyla-wygrala-pomorska-500\/\">https:\/\/magazynbike.pl\/2020\/06\/15\/grazynka-dojechala-do-gdanska-troche-sie-zmeczyla-wygrala-pomorska-500\/<\/a><\/p><h6>Relacja by Rezerwat Przygody\u00a0<\/h6><p><a href=\"http:\/\/rezerwatprzygody.pl\/bikepacking\/pomorska-500-relacja\/?fbclid=IwAR1eecVu-gTW_tKOhxO8B_GUmXDcH5_UgN-IxCHgEj99RYoIzKajTbj5DW\">http:\/\/rezerwatprzygody.pl\/bikepacking\/pomorska-500-relacja\/?fbclid=IwAR1eecVu-gTW_tKOhxO8B_GUmXDcH5_UgN-IxCHgEj99RYoIzKajTbj5DW<\/a>s<\/p><p>\u00a0<\/p><\/div>\n\t\t\t\t<\/div>\n\t\t\t\t\t\t\t<div class=\"elementor-accordion-item\">\n\t\t\t\t\t<div id=\"elementor-tab-title-6404\" class=\"elementor-tab-title\" data-tab=\"4\" role=\"tab\" aria-controls=\"elementor-tab-content-6404\">\n\t\t\t\t\t\t\t\t\t\t\t\t\t<span class=\"elementor-accordion-icon elementor-accordion-icon-right\" aria-hidden=\"true\">\n\t\t\t\t\t\t\t\t\t\t\t\t\t\t\t<span class=\"elementor-accordion-icon-closed\"><i class=\"fas fa-plus\"><\/i><\/span>\n\t\t\t\t\t\t\t\t<span class=\"elementor-accordion-icon-opened\"><i class=\"fas fa-minus\"><\/i><\/span>\n\t\t\t\t\t\t\t\t\t\t\t\t\t\t<\/span>\n\t\t\t\t\t\t\t\t\t\t\t\t<a class=\"elementor-accordion-title\" href=\"\">Amber road<\/a>\n\t\t\t\t\t<\/div>\n\t\t\t\t\t<div id=\"elementor-tab-content-6404\" class=\"elementor-tab-content elementor-clearfix\" data-tab=\"4\" role=\"tabpanel\" aria-labelledby=\"elementor-tab-title-6404\"><p><a href=\"https:\/\/www.rowertour.com\/blog\/bikerafting-czyli-packraft-w-nowej-odmianie-z-rowerem\">https:\/\/www.rowertour.com\/blog\/bikerafting-czyli-packraft-w-nowej-odmianie-z-rowerem<\/a><\/p><\/div>\n\t\t\t\t<\/div>\n\t\t\t\t\t<\/div>\n\t\t\t\t<\/div>\n\t\t\t\t<\/div>\n\t\t\t\t\t\t<\/div>\n\t\t\t<\/div>\n\t\t<\/div>\n\t\t\t\t\t\t<\/div>\n\t\t\t<\/div>\n\t\t<\/section>\n\t\t\t\t\t\t<\/div>\n\t\t\t<\/div>\n\t\t<\/div>","protected":false},"excerpt":{"rendered":"<p>Nagra\u0142e\u015b film lub napisa\u0142e\u015b relacje z jednej z naszych imprez i chcesz \u017ceby trafi\u0142 do biblioteki. Napisz do nas Filmy Wsch\u00f3d Wis\u0142a 1200 Wis\u0142a 1200 (2019)&nbsp; Wis\u0142a 1200, relacja by Microprzygody (2019)&nbsp; Wis\u0142a 1200- wzloty i upadki, edycja 2019 by Bushcraftowy&nbsp; Wis\u0142a 1200 \u2013 zapiski z trasy by Krzysztof Lipczy\u0144ski&nbsp; Wis\u0142a 1200, dzie\u0144 1 by &hellip;<\/p>\n<p class=\"read-more\"> <a class=\"\" href=\"https:\/\/kolarstwoprzygodowe.pl\/en\/biblioteka\/\"> <span class=\"screen-reader-text\">Library<\/span> Read More &raquo;<\/a><\/p>","protected":false},"author":1,"featured_media":0,"parent":0,"menu_order":0,"comment_status":"closed","ping_status":"closed","template":"","meta":{"_monsterinsights_skip_tracking":false,"_monsterinsights_sitenote_active":false,"_monsterinsights_sitenote_note":"","_monsterinsights_sitenote_category":0},"_links":{"self":[{"href":"https:\/\/kolarstwoprzygodowe.pl\/en\/wp-json\/wp\/v2\/pages\/683"}],"collection":[{"href":"https:\/\/kolarstwoprzygodowe.pl\/en\/wp-json\/wp\/v2\/pages"}],"about":[{"href":"https:\/\/kolarstwoprzygodowe.pl\/en\/wp-json\/wp\/v2\/types\/page"}],"author":[{"embeddable":true,"href":"https:\/\/kolarstwoprzygodowe.pl\/en\/wp-json\/wp\/v2\/users\/1"}],"replies":[{"embeddable":true,"href":"https:\/\/kolarstwoprzygodowe.pl\/en\/wp-json\/wp\/v2\/comments?post=683"}],"version-history":[{"count":54,"href":"https:\/\/kolarstwoprzygodowe.pl\/en\/wp-json\/wp\/v2\/pages\/683\/revisions"}],"predecessor-version":[{"id":12241,"href":"https:\/\/kolarstwoprzygodowe.pl\/en\/wp-json\/wp\/v2\/pages\/683\/revisions\/12241"}],"wp:attachment":[{"href":"https:\/\/kolarstwoprzygodowe.pl\/en\/wp-json\/wp\/v2\/media?parent=683"}],"curies":[{"name":"wp","href":"https:\/\/api.w.org\/{rel}","templated":true}]}}