{"id":2465,"date":"2021-02-22T19:35:13","date_gmt":"2021-02-22T18:35:13","guid":{"rendered":"https:\/\/kolarstwoprzygodowe.pl\/?page_id=2465"},"modified":"2026-05-05T17:42:37","modified_gmt":"2026-05-05T15:42:37","slug":"pomorska-500","status":"publish","type":"page","link":"https:\/\/kolarstwoprzygodowe.pl\/en\/pomorska-500\/","title":{"rendered":"Pomorska 500"},"content":{"rendered":"<div data-elementor-type=\"wp-page\" data-elementor-id=\"2465\" class=\"elementor elementor-2465\" data-elementor-settings=\"[]\">\n\t\t\t<div class=\"elementor-inner\">\n\t\t\t\t<div class=\"elementor-section-wrap\">\n\t\t\t\t\t\t\t<section class=\"elementor-element elementor-element-5b1727c elementor-section-boxed elementor-section-height-default elementor-section-height-default elementor-section elementor-top-section\" data-id=\"5b1727c\" data-element_type=\"section\" data-settings=\"{&quot;background_background&quot;:&quot;classic&quot;}\">\n\t\t\t\t\t\t<div class=\"elementor-container elementor-column-gap-default\">\n\t\t\t\t<div class=\"elementor-row\">\n\t\t\t\t<div class=\"elementor-element elementor-element-2ad240a elementor-column elementor-col-100 elementor-top-column\" data-id=\"2ad240a\" data-element_type=\"column\">\n\t\t\t<div class=\"elementor-column-wrap  elementor-element-populated\">\n\t\t\t\t\t<div class=\"elementor-widget-wrap\">\n\t\t\t\t<div class=\"elementor-element elementor-element-665ada2 elementor-widget elementor-widget-spacer\" data-id=\"665ada2\" data-element_type=\"widget\" data-widget_type=\"spacer.default\">\n\t\t\t\t<div class=\"elementor-widget-container\">\n\t\t\t\t\t<div class=\"elementor-spacer\">\n\t\t\t<div class=\"elementor-spacer-inner\"><\/div>\n\t\t<\/div>\n\t\t\t\t<\/div>\n\t\t\t\t<\/div>\n\t\t\t\t<div class=\"elementor-element elementor-element-1376000 elementor-widget elementor-widget-heading\" data-id=\"1376000\" data-element_type=\"widget\" data-widget_type=\"heading.default\">\n\t\t\t\t<div class=\"elementor-widget-container\">\n\t\t\t<h2 class=\"elementor-heading-title elementor-size-default\">Pomorska 500<\/h2>\t\t<\/div>\n\t\t\t\t<\/div>\n\t\t\t\t\t\t<\/div>\n\t\t\t<\/div>\n\t\t<\/div>\n\t\t\t\t\t\t<\/div>\n\t\t\t<\/div>\n\t\t<\/section>\n\t\t\t\t<section class=\"elementor-element elementor-element-58b090d elementor-section-boxed elementor-section-height-default elementor-section-height-default elementor-section elementor-top-section\" data-id=\"58b090d\" data-element_type=\"section\" data-settings=\"{&quot;background_background&quot;:&quot;classic&quot;}\">\n\t\t\t\t\t\t<div class=\"elementor-container elementor-column-gap-default\">\n\t\t\t\t<div class=\"elementor-row\">\n\t\t\t\t<div class=\"elementor-element elementor-element-9af5b52 elementor-column elementor-col-100 elementor-top-column\" data-id=\"9af5b52\" data-element_type=\"column\">\n\t\t\t<div class=\"elementor-column-wrap  elementor-element-populated\">\n\t\t\t\t\t<div class=\"elementor-widget-wrap\">\n\t\t\t\t<div class=\"elementor-element elementor-element-7cabfd7 elementor-arrows-position-inside elementor-pagination-position-outside elementor-widget elementor-widget-image-carousel\" data-id=\"7cabfd7\" data-element_type=\"widget\" data-settings=\"{&quot;slides_to_show&quot;:&quot;1&quot;,&quot;autoplay_speed&quot;:6034,&quot;speed&quot;:511,&quot;navigation&quot;:&quot;both&quot;,&quot;autoplay&quot;:&quot;yes&quot;,&quot;pause_on_hover&quot;:&quot;yes&quot;,&quot;pause_on_interaction&quot;:&quot;yes&quot;,&quot;infinite&quot;:&quot;yes&quot;,&quot;effect&quot;:&quot;slide&quot;,&quot;direction&quot;:&quot;ltr&quot;}\" data-widget_type=\"image-carousel.default\">\n\t\t\t\t<div class=\"elementor-widget-container\">\n\t\t\t\t\t<div class=\"elementor-image-carousel-wrapper swiper-container\" dir=\"ltr\">\n\t\t\t<div class=\"elementor-image-carousel swiper-wrapper\">\n\t\t\t\t<div class=\"swiper-slide\"><figure class=\"swiper-slide-inner\"><img class=\"swiper-slide-image\" src=\"https:\/\/kolarstwoprzygodowe.pl\/wp-content\/uploads\/2020\/07\/Zdj\u0119cie-7-768x576.jpg\" alt=\"Zdj\u0119cie #7\" \/><\/figure><\/div><div class=\"swiper-slide\"><figure class=\"swiper-slide-inner\"><img class=\"swiper-slide-image\" src=\"https:\/\/kolarstwoprzygodowe.pl\/wp-content\/uploads\/2026\/05\/7R2A2709-768x512.jpeg\" alt=\"7R2A2709\" \/><\/figure><\/div><div class=\"swiper-slide\"><figure class=\"swiper-slide-inner\"><img class=\"swiper-slide-image\" src=\"https:\/\/kolarstwoprzygodowe.pl\/wp-content\/uploads\/2026\/05\/7R2A2784-768x512.jpeg\" alt=\"7R2A2784\" \/><\/figure><\/div><div class=\"swiper-slide\"><figure class=\"swiper-slide-inner\"><img class=\"swiper-slide-image\" src=\"https:\/\/kolarstwoprzygodowe.pl\/wp-content\/uploads\/2026\/05\/7R2A2776-768x512.jpeg\" alt=\"7R2A2776\" \/><\/figure><\/div><div class=\"swiper-slide\"><figure class=\"swiper-slide-inner\"><img class=\"swiper-slide-image\" src=\"https:\/\/kolarstwoprzygodowe.pl\/wp-content\/uploads\/2026\/05\/7R2A2768-768x512.jpeg\" alt=\"7R2A2768\" \/><\/figure><\/div><div class=\"swiper-slide\"><figure class=\"swiper-slide-inner\"><img class=\"swiper-slide-image\" src=\"https:\/\/kolarstwoprzygodowe.pl\/wp-content\/uploads\/2026\/05\/2V4A4586-768x512.jpeg\" alt=\"2V4A4586\" \/><\/figure><\/div><div class=\"swiper-slide\"><figure class=\"swiper-slide-inner\"><img class=\"swiper-slide-image\" src=\"https:\/\/kolarstwoprzygodowe.pl\/wp-content\/uploads\/2026\/05\/IMG_1218-768x512.jpeg\" alt=\"IMG_1218\" \/><\/figure><\/div><div class=\"swiper-slide\"><figure class=\"swiper-slide-inner\"><img class=\"swiper-slide-image\" src=\"https:\/\/kolarstwoprzygodowe.pl\/wp-content\/uploads\/2026\/05\/2V4A1454-768x495.jpeg\" alt=\"2V4A1454\" \/><\/figure><\/div><div class=\"swiper-slide\"><figure class=\"swiper-slide-inner\"><img class=\"swiper-slide-image\" src=\"https:\/\/kolarstwoprzygodowe.pl\/wp-content\/uploads\/2026\/05\/2V4A1695-768x512.jpeg\" alt=\"2V4A1695\" \/><\/figure><\/div><div class=\"swiper-slide\"><figure class=\"swiper-slide-inner\"><img class=\"swiper-slide-image\" src=\"https:\/\/kolarstwoprzygodowe.pl\/wp-content\/uploads\/2026\/05\/2V4A1700-768x512.jpeg\" alt=\"2V4A1700\" \/><\/figure><\/div><div class=\"swiper-slide\"><figure class=\"swiper-slide-inner\"><img class=\"swiper-slide-image\" src=\"https:\/\/kolarstwoprzygodowe.pl\/wp-content\/uploads\/2026\/05\/2V4A1728-768x512.jpeg\" alt=\"2V4A1728\" \/><\/figure><\/div><div class=\"swiper-slide\"><figure class=\"swiper-slide-inner\"><img class=\"swiper-slide-image\" src=\"https:\/\/kolarstwoprzygodowe.pl\/wp-content\/uploads\/2026\/05\/2V4A1832-768x512.jpeg\" alt=\"2V4A1832\" \/><\/figure><\/div><div class=\"swiper-slide\"><figure class=\"swiper-slide-inner\"><img class=\"swiper-slide-image\" src=\"https:\/\/kolarstwoprzygodowe.pl\/wp-content\/uploads\/2026\/05\/2V4A1882-768x512.jpeg\" alt=\"2V4A1882\" \/><\/figure><\/div><div class=\"swiper-slide\"><figure class=\"swiper-slide-inner\"><img class=\"swiper-slide-image\" src=\"https:\/\/kolarstwoprzygodowe.pl\/wp-content\/uploads\/2026\/05\/7R2A3207-768x512.jpeg\" alt=\"7R2A3207\" \/><\/figure><\/div><div class=\"swiper-slide\"><figure class=\"swiper-slide-inner\"><img class=\"swiper-slide-image\" src=\"https:\/\/kolarstwoprzygodowe.pl\/wp-content\/uploads\/2026\/05\/7R2A3255-768x512.jpeg\" alt=\"7R2A3255\" \/><\/figure><\/div><div class=\"swiper-slide\"><figure class=\"swiper-slide-inner\"><img class=\"swiper-slide-image\" src=\"https:\/\/kolarstwoprzygodowe.pl\/wp-content\/uploads\/2026\/05\/7R2A2835-768x512.jpeg\" alt=\"7R2A2835\" \/><\/figure><\/div><div class=\"swiper-slide\"><figure class=\"swiper-slide-inner\"><img class=\"swiper-slide-image\" src=\"https:\/\/kolarstwoprzygodowe.pl\/wp-content\/uploads\/2026\/05\/7R2A3036-768x512.jpeg\" alt=\"7R2A3036\" \/><\/figure><\/div><div class=\"swiper-slide\"><figure class=\"swiper-slide-inner\"><img class=\"swiper-slide-image\" src=\"https:\/\/kolarstwoprzygodowe.pl\/wp-content\/uploads\/2026\/05\/IMG_1209-768x512.jpeg\" alt=\"IMG_1209\" \/><\/figure><\/div><div class=\"swiper-slide\"><figure class=\"swiper-slide-inner\"><img class=\"swiper-slide-image\" src=\"https:\/\/kolarstwoprzygodowe.pl\/wp-content\/uploads\/2026\/05\/7R2A2925-768x512.jpeg\" alt=\"7R2A2925\" \/><\/figure><\/div><div class=\"swiper-slide\"><figure class=\"swiper-slide-inner\"><img class=\"swiper-slide-image\" src=\"https:\/\/kolarstwoprzygodowe.pl\/wp-content\/uploads\/2026\/05\/7R2A3002-768x512.jpeg\" alt=\"7R2A3002\" \/><\/figure><\/div>\t\t\t<\/div>\n\t\t\t\t\t\t\t\t\t\t\t\t<div class=\"swiper-pagination\"><\/div>\n\t\t\t\t\t\t\t\t\t\t\t\t\t<div class=\"elementor-swiper-button elementor-swiper-button-prev\">\n\t\t\t\t\t\t<i class=\"eicon-chevron-left\" aria-hidden=\"true\"><\/i>\n\t\t\t\t\t\t<span class=\"elementor-screen-only\">Previous<\/span>\n\t\t\t\t\t<\/div>\n\t\t\t\t\t<div class=\"elementor-swiper-button elementor-swiper-button-next\">\n\t\t\t\t\t\t<i class=\"eicon-chevron-right\" aria-hidden=\"true\"><\/i>\n\t\t\t\t\t\t<span class=\"elementor-screen-only\">Next<\/span>\n\t\t\t\t\t<\/div>\n\t\t\t\t\t\t\t\t\t<\/div>\n\t\t\t\t<\/div>\n\t\t\t\t<\/div>\n\t\t\t\t\t\t<\/div>\n\t\t\t<\/div>\n\t\t<\/div>\n\t\t\t\t\t\t<\/div>\n\t\t\t<\/div>\n\t\t<\/section>\n\t\t\t\t<section class=\"elementor-element elementor-element-cdff855 elementor-section-boxed elementor-section-height-default elementor-section-height-default elementor-section elementor-top-section\" data-id=\"cdff855\" data-element_type=\"section\" data-settings=\"{&quot;background_background&quot;:&quot;classic&quot;}\">\n\t\t\t\t\t\t<div class=\"elementor-container elementor-column-gap-default\">\n\t\t\t\t<div class=\"elementor-row\">\n\t\t\t\t<div class=\"elementor-element elementor-element-dd87782 elementor-column elementor-col-100 elementor-top-column\" data-id=\"dd87782\" data-element_type=\"column\">\n\t\t\t<div class=\"elementor-column-wrap  elementor-element-populated\">\n\t\t\t\t\t<div class=\"elementor-widget-wrap\">\n\t\t\t\t<div class=\"elementor-element elementor-element-bb8e765 elementor-widget elementor-widget-heading\" data-id=\"bb8e765\" data-element_type=\"widget\" data-widget_type=\"heading.default\">\n\t\t\t\t<div class=\"elementor-widget-container\">\n\t\t\t<h2 class=\"elementor-heading-title elementor-size-default\">Zapisy trwaj\u0105. Zapraszamy<\/h2>\t\t<\/div>\n\t\t\t\t<\/div>\n\t\t\t\t<div class=\"elementor-element elementor-element-f2d178f elementor-align-center elementor-widget elementor-widget-button\" data-id=\"f2d178f\" data-element_type=\"widget\" data-widget_type=\"button.default\">\n\t\t\t\t<div class=\"elementor-widget-container\">\n\t\t\t\t\t<div class=\"elementor-button-wrapper\">\n\t\t\t<a href=\"https:\/\/kolarstwoprzygodowe.pl\/en\/product\/pakiet-startowy-pomorska-500-2026\/\" class=\"elementor-button-link elementor-button elementor-size-xl\" role=\"button\">\n\t\t\t\t\t\t<span class=\"elementor-button-content-wrapper\">\n\t\t\t\t\t\t<span class=\"elementor-button-text\">SIGN UP<\/span>\n\t\t<\/span>\n\t\t\t\t\t<\/a>\n\t\t<\/div>\n\t\t\t\t<\/div>\n\t\t\t\t<\/div>\n\t\t\t\t\t\t<\/div>\n\t\t\t<\/div>\n\t\t<\/div>\n\t\t\t\t\t\t<\/div>\n\t\t\t<\/div>\n\t\t<\/section>\n\t\t\t\t<section class=\"elementor-element elementor-element-472d292 elementor-section-boxed elementor-section-height-default elementor-section-height-default elementor-section elementor-top-section\" data-id=\"472d292\" data-element_type=\"section\" data-settings=\"{&quot;background_background&quot;:&quot;classic&quot;}\">\n\t\t\t\t\t\t<div class=\"elementor-container elementor-column-gap-default\">\n\t\t\t\t<div class=\"elementor-row\">\n\t\t\t\t<div class=\"elementor-element elementor-element-301383b elementor-column elementor-col-33 elementor-top-column\" data-id=\"301383b\" data-element_type=\"column\">\n\t\t\t<div class=\"elementor-column-wrap  elementor-element-populated\">\n\t\t\t\t\t<div class=\"elementor-widget-wrap\">\n\t\t\t\t<div class=\"elementor-element elementor-element-15b240c elementor-widget elementor-widget-image\" data-id=\"15b240c\" data-element_type=\"widget\" data-widget_type=\"image.default\">\n\t\t\t\t<div class=\"elementor-widget-container\">\n\t\t\t\t\t<div class=\"elementor-image\">\n\t\t\t\t\t\t\t\t\t\t<img width=\"150\" height=\"150\" src=\"https:\/\/kolarstwoprzygodowe.pl\/wp-content\/uploads\/2020\/10\/72376-150x150.png\" class=\"attachment-thumbnail size-thumbnail\" alt=\"\" loading=\"lazy\" srcset=\"https:\/\/kolarstwoprzygodowe.pl\/wp-content\/uploads\/2020\/10\/72376-150x150.png 150w, https:\/\/kolarstwoprzygodowe.pl\/wp-content\/uploads\/2020\/10\/72376-300x300.png 300w, https:\/\/kolarstwoprzygodowe.pl\/wp-content\/uploads\/2020\/10\/72376-100x100.png 100w, https:\/\/kolarstwoprzygodowe.pl\/wp-content\/uploads\/2020\/10\/72376.png 512w\" sizes=\"(max-width: 150px) 100vw, 150px\" \/>\t\t\t\t\t\t\t\t\t\t\t<\/div>\n\t\t\t\t<\/div>\n\t\t\t\t<\/div>\n\t\t\t\t<div class=\"elementor-element elementor-element-044d804 elementor-widget elementor-widget-text-editor\" data-id=\"044d804\" data-element_type=\"widget\" data-widget_type=\"text-editor.default\">\n\t\t\t\t<div class=\"elementor-widget-container\">\n\t\t\t\t\t<div class=\"elementor-text-editor elementor-clearfix\"><p>Start:<strong>\u00a0Szczecin<\/strong><\/p><p>Finish: <b>Sopot<\/b><\/p><\/div>\n\t\t\t\t<\/div>\n\t\t\t\t<\/div>\n\t\t\t\t\t\t<\/div>\n\t\t\t<\/div>\n\t\t<\/div>\n\t\t\t\t<div class=\"elementor-element elementor-element-387aa65 elementor-column elementor-col-33 elementor-top-column\" data-id=\"387aa65\" data-element_type=\"column\">\n\t\t\t<div class=\"elementor-column-wrap  elementor-element-populated\">\n\t\t\t\t\t<div class=\"elementor-widget-wrap\">\n\t\t\t\t<div class=\"elementor-element elementor-element-14d1d25 elementor-view-default elementor-widget elementor-widget-icon\" data-id=\"14d1d25\" data-element_type=\"widget\" data-widget_type=\"icon.default\">\n\t\t\t\t<div class=\"elementor-widget-container\">\n\t\t\t\t\t<div class=\"elementor-icon-wrapper\">\n\t\t\t<div class=\"elementor-icon\">\n\t\t\t<i aria-hidden=\"true\" class=\"fas fa-calendar-alt\"><\/i>\t\t\t<\/div>\n\t\t<\/div>\n\t\t\t\t<\/div>\n\t\t\t\t<\/div>\n\t\t\t\t<div class=\"elementor-element elementor-element-570cc8f elementor-widget elementor-widget-text-editor\" data-id=\"570cc8f\" data-element_type=\"widget\" data-widget_type=\"text-editor.default\">\n\t\t\t\t<div class=\"elementor-widget-container\">\n\t\t\t\t\t<div class=\"elementor-text-editor elementor-clearfix\"><p>Date: <strong>04.06.2026&nbsp;<\/strong><\/p>\n<p>Limit czasu: 72<strong>&nbsp;h<\/strong><\/p><\/div>\n\t\t\t\t<\/div>\n\t\t\t\t<\/div>\n\t\t\t\t\t\t<\/div>\n\t\t\t<\/div>\n\t\t<\/div>\n\t\t\t\t<div class=\"elementor-element elementor-element-a10c75c elementor-column elementor-col-33 elementor-top-column\" data-id=\"a10c75c\" data-element_type=\"column\">\n\t\t\t<div class=\"elementor-column-wrap  elementor-element-populated\">\n\t\t\t\t\t<div class=\"elementor-widget-wrap\">\n\t\t\t\t<div class=\"elementor-element elementor-element-e03eea2 elementor-view-default elementor-widget elementor-widget-icon\" data-id=\"e03eea2\" data-element_type=\"widget\" data-widget_type=\"icon.default\">\n\t\t\t\t<div class=\"elementor-widget-container\">\n\t\t\t\t\t<div class=\"elementor-icon-wrapper\">\n\t\t\t<div class=\"elementor-icon\">\n\t\t\t<i aria-hidden=\"true\" class=\"fas fa-biking\"><\/i>\t\t\t<\/div>\n\t\t<\/div>\n\t\t\t\t<\/div>\n\t\t\t\t<\/div>\n\t\t\t\t<div class=\"elementor-element elementor-element-010ed28 elementor-widget elementor-widget-text-editor\" data-id=\"010ed28\" data-element_type=\"widget\" data-widget_type=\"text-editor.default\">\n\t\t\t\t<div class=\"elementor-widget-container\">\n\t\t\t\t\t<div class=\"elementor-text-editor elementor-clearfix\"><p>Distance:<strong>\u00a0500 km<\/strong><\/p><p>Elevation gain:<b>\u00a050<strong>00m d+<\/strong><\/b><\/p><\/div>\n\t\t\t\t<\/div>\n\t\t\t\t<\/div>\n\t\t\t\t\t\t<\/div>\n\t\t\t<\/div>\n\t\t<\/div>\n\t\t\t\t\t\t<\/div>\n\t\t\t<\/div>\n\t\t<\/section>\n\t\t\t\t<section class=\"elementor-element elementor-element-5e14d8e elementor-section-content-middle elementor-section-boxed elementor-section-height-default elementor-section-height-default elementor-section elementor-top-section\" data-id=\"5e14d8e\" data-element_type=\"section\" data-settings=\"{&quot;background_background&quot;:&quot;classic&quot;}\">\n\t\t\t\t\t\t<div class=\"elementor-container elementor-column-gap-default\">\n\t\t\t\t<div class=\"elementor-row\">\n\t\t\t\t<div class=\"elementor-element elementor-element-cdbe496 elementor-column elementor-col-50 elementor-top-column\" data-id=\"cdbe496\" data-element_type=\"column\">\n\t\t\t<div class=\"elementor-column-wrap  elementor-element-populated\">\n\t\t\t\t\t<div class=\"elementor-widget-wrap\">\n\t\t\t\t<div class=\"elementor-element elementor-element-0cd22f3 elementor-widget elementor-widget-heading\" data-id=\"0cd22f3\" data-element_type=\"widget\" data-widget_type=\"heading.default\">\n\t\t\t\t<div class=\"elementor-widget-container\">\n\t\t\t<h2 class=\"elementor-heading-title elementor-size-xl\">Track<\/h2>\t\t<\/div>\n\t\t\t\t<\/div>\n\t\t\t\t<div class=\"elementor-element elementor-element-bc1ee2f elementor-widget elementor-widget-text-editor\" data-id=\"bc1ee2f\" data-element_type=\"widget\" data-widget_type=\"text-editor.default\">\n\t\t\t\t<div class=\"elementor-widget-container\">\n\t\t\t\t\t<div class=\"elementor-text-editor elementor-clearfix\"><p><iframe style=\"width: 1px; min-width: 100%; height: 700px; border: none;\" src=\"https:\/\/ridewithgps.com\/embeds?type=route&amp;id=48709374&amp;metricUnits=true&amp;sampleGraph=true\" scrolling=\"no\"><\/iframe><\/p><\/div>\n\t\t\t\t<\/div>\n\t\t\t\t<\/div>\n\t\t\t\t\t\t<\/div>\n\t\t\t<\/div>\n\t\t<\/div>\n\t\t\t\t<div class=\"elementor-element elementor-element-e17b7e1 elementor-column elementor-col-50 elementor-top-column\" data-id=\"e17b7e1\" data-element_type=\"column\" data-settings=\"{&quot;background_background&quot;:&quot;classic&quot;}\">\n\t\t\t<div class=\"elementor-column-wrap  elementor-element-populated\">\n\t\t\t\t\t<div class=\"elementor-widget-wrap\">\n\t\t\t\t<div class=\"elementor-element elementor-element-bcf65c1 elementor-widget elementor-widget-text-editor\" data-id=\"bcf65c1\" data-element_type=\"widget\" data-widget_type=\"text-editor.default\">\n\t\t\t\t<div class=\"elementor-widget-container\">\n\t\t\t\t\t<div class=\"elementor-text-editor elementor-clearfix\"><div><div data-index=\"14\"><div><div><p class=\"s3\"><span class=\"s2\"><span class=\"bumpedFont15\">People have been traveling along rivers for centuries... You already know that. What if we looked at rivers and how important they are from the other side and found their sources. Is it possible? We traveled through the desolate areas of Pomerania and Western Pomerania. Equipped with hydrological maps, we found roads, paths and off-roads that show where P\u0142onia, Ina, Rega, Drawa, Pars\u0119ta, Gwda, Brda, \u0141eba, Radunia begin. Our Pomeranian Watershed - a memento of glacial history from 12,000 years ago. Today, it is a heritage of nature and for us, also a heritage of adventure. 500 kilometers even closer to rivers, the bloodstream of nature, without which there would be no civilization.<\/span><\/span><\/p><p class=\"s3\"><span class=\"s2\"><span class=\"bumpedFont15\">A changed route, but the same idea of \u200b\u200bshowing you where the Pomeranian rivers begin. Valleys, hills, forests and dozens of kilometres of traditional roads, where you will hear birdsong more often than the roar of engines.<\/span><\/span><\/p><p class=\"s3\"><span class=\"s2\"><span class=\"bumpedFont15\">From Szczecin to Sopot, from the mouth of the Oder to the mouth of the Vistula, close to nature, which constantly captivates and amazes. We invite you to a cycling expedition, which is called nothing else but \"cult\". Previous editions have strengthened the opinion about this route, that it thoroughly tests the characters <\/span><\/span><span class=\"s2\"><span class=\"bumpedFont15\"><\/span><\/span><span class=\"s2\"><span class=\"bumpedFont15\"> of daredevils, of whom<\/span><\/span><span class=\"s2\"><span class=\"bumpedFont15\">almost<\/span><\/span> <span class=\"s2\"><span class=\"bumpedFont15\">20<\/span><\/span><span class=\"s2\"><span class=\"bumpedFont15\">2000 have stood at the start so far. <\/span><\/span><a name=\"_GoBack\"><\/a><span class=\"s2\"><span class=\"bumpedFont15\">To pass all the hills along the way, to notice the sources of the rivers passed,<\/span><\/span><span class=\"s2\"><span class=\"bumpedFont15\">,<\/span><\/span><span class=\"s2\"><span class=\"bumpedFont15\"> to admire panoramas, the existence of which no one was aware before - to reach the Sopot beach. This is the challenge of true adventure and cycling competition without external support, which must be completed on the cycling path to the world of \"ultra\".<\/span><\/span><\/p><\/div><\/div><\/div><\/div><\/div>\n\t\t\t\t<\/div>\n\t\t\t\t<\/div>\n\t\t\t\t\t\t<\/div>\n\t\t\t<\/div>\n\t\t<\/div>\n\t\t\t\t\t\t<\/div>\n\t\t\t<\/div>\n\t\t<\/section>\n\t\t\t\t<section class=\"elementor-element elementor-element-0d2c82d elementor-section-full_width elementor-section-height-default elementor-section-height-default elementor-section elementor-top-section\" data-id=\"0d2c82d\" data-element_type=\"section\" data-settings=\"{&quot;background_background&quot;:&quot;classic&quot;}\">\n\t\t\t\t\t\t<div class=\"elementor-container elementor-column-gap-default\">\n\t\t\t\t<div class=\"elementor-row\">\n\t\t\t\t<div class=\"elementor-element elementor-element-2cdafff elementor-column elementor-col-100 elementor-top-column\" data-id=\"2cdafff\" data-element_type=\"column\">\n\t\t\t<div class=\"elementor-column-wrap  elementor-element-populated\">\n\t\t\t\t\t<div class=\"elementor-widget-wrap\">\n\t\t\t\t<div class=\"elementor-element elementor-element-a742fd0 elementor-shape-rounded elementor-widget elementor-widget-social-icons\" data-id=\"a742fd0\" data-element_type=\"widget\" data-widget_type=\"social-icons.default\">\n\t\t\t\t<div class=\"elementor-widget-container\">\n\t\t\t\t\t<div class=\"elementor-social-icons-wrapper\">\n\t\t\t\t\t\t\t<a class=\"elementor-icon elementor-social-icon elementor-social-icon-facebook-square elementor-animation-pulse-grow elementor-repeater-item-87f8dd8\" href=\"https:\/\/www.facebook.com\/pokop1200\/\" target=\"_blank\">\n\t\t\t\t\t<span class=\"elementor-screen-only\">Facebook-square<\/span>\n\t\t\t\t\t<i class=\"fab fa-facebook-square\"><\/i>\t\t\t\t<\/a>\n\t\t\t\t\t\t\t<a class=\"elementor-icon elementor-social-icon elementor-social-icon-instagram elementor-animation-pulse-grow elementor-repeater-item-39f0747\" href=\"https:\/\/www.instagram.com\/polskie_kolarstwo_przygodowe\/\" target=\"_blank\">\n\t\t\t\t\t<span class=\"elementor-screen-only\">Instagram<\/span>\n\t\t\t\t\t<i class=\"fab fa-instagram\"><\/i>\t\t\t\t<\/a>\n\t\t\t\t\t\t\t<a class=\"elementor-icon elementor-social-icon elementor-social-icon-youtube elementor-animation-pulse-grow elementor-repeater-item-99bfa28\" href=\"https:\/\/www.youtube.com\/channel\/UC3tASGZ3GqfzZg_3irGubtg\" target=\"_blank\">\n\t\t\t\t\t<span class=\"elementor-screen-only\">Youtube<\/span>\n\t\t\t\t\t<i class=\"fab fa-youtube\"><\/i>\t\t\t\t<\/a>\n\t\t\t\t\t<\/div>\n\t\t\t\t<\/div>\n\t\t\t\t<\/div>\n\t\t\t\t\t\t<\/div>\n\t\t\t<\/div>\n\t\t<\/div>\n\t\t\t\t\t\t<\/div>\n\t\t\t<\/div>\n\t\t<\/section>\n\t\t\t\t\t\t<\/div>\n\t\t\t<\/div>\n\t\t<\/div>","protected":false},"excerpt":{"rendered":"<p>Pomorska 500 Previous Next Zapisy trwaj\u0105. Zapraszamy ZAPISZ SI\u0118 Start:\u00a0Szczecin Finish: Sopot Termin: 04.06.2026&nbsp; Limit czasu: 72&nbsp;h Dystans:\u00a0500 km Przewy\u017cszenie:\u00a05000m d+ Trasa Ludzie podr\u00f3\u017cowali wzd\u0142u\u017c rzek od wiek\u00f3w\u2026. To ju\u017c znacie. A co, gdyby na rzeki i na to jakie s\u0105 wa\u017cne spojrze\u0107 od drugiej strony i odnale\u017a\u0107 ich \u017ar\u00f3d\u0142a. Czy to mo\u017cliwe? Przemierzyli\u015bmy odludne &hellip;<\/p>\n<p class=\"read-more\"> <a class=\"\" href=\"https:\/\/kolarstwoprzygodowe.pl\/en\/pomorska-500\/\"> <span class=\"screen-reader-text\">Pomorska 500<\/span> Read More &raquo;<\/a><\/p>","protected":false},"author":1,"featured_media":0,"parent":0,"menu_order":0,"comment_status":"closed","ping_status":"closed","template":"","meta":{"_monsterinsights_skip_tracking":false,"_monsterinsights_sitenote_active":false,"_monsterinsights_sitenote_note":"","_monsterinsights_sitenote_category":0},"_links":{"self":[{"href":"https:\/\/kolarstwoprzygodowe.pl\/en\/wp-json\/wp\/v2\/pages\/2465"}],"collection":[{"href":"https:\/\/kolarstwoprzygodowe.pl\/en\/wp-json\/wp\/v2\/pages"}],"about":[{"href":"https:\/\/kolarstwoprzygodowe.pl\/en\/wp-json\/wp\/v2\/types\/page"}],"author":[{"embeddable":true,"href":"https:\/\/kolarstwoprzygodowe.pl\/en\/wp-json\/wp\/v2\/users\/1"}],"replies":[{"embeddable":true,"href":"https:\/\/kolarstwoprzygodowe.pl\/en\/wp-json\/wp\/v2\/comments?post=2465"}],"version-history":[{"count":49,"href":"https:\/\/kolarstwoprzygodowe.pl\/en\/wp-json\/wp\/v2\/pages\/2465\/revisions"}],"predecessor-version":[{"id":12184,"href":"https:\/\/kolarstwoprzygodowe.pl\/en\/wp-json\/wp\/v2\/pages\/2465\/revisions\/12184"}],"wp:attachment":[{"href":"https:\/\/kolarstwoprzygodowe.pl\/en\/wp-json\/wp\/v2\/media?parent=2465"}],"curies":[{"name":"wp","href":"https:\/\/api.w.org\/{rel}","templated":true}]}}